{"id":4069,"date":"2023-10-26T16:36:09","date_gmt":"2023-10-26T08:36:09","guid":{"rendered":"https:\/\/www.chemichase.com\/es\/?post_type=product&#038;p=4069"},"modified":"2023-12-23T15:47:22","modified_gmt":"2023-12-23T07:47:22","slug":"oxalic-acid","status":"publish","type":"product","link":"https:\/\/www.chemichase.com\/es\/plastico\/oxalic-acid\/","title":{"rendered":"\u00c1cido Ox\u00e1lico"},"content":{"rendered":"<p>Apariencia: cristal transparente incoloro<\/p>\n<p>Punto de fusi\u00f3n: 189 &#8211; 191\u00bac<\/p>\n<p>Solubilidad en agua: 90g \/ L (20\u00bac)<\/p>\n<p>Punto de inflamaci\u00f3n: 101 &#8211; 157 \u00b0 C<\/p>\n<p>Uso: En la industria pl\u00e1stica se utiliza para la producci\u00f3n de cloruro de polivinilo, aminopl\u00e1sticos, pl\u00e1sticos de urea &#8211; formaldeh\u00eddo.<\/p>\n<p>&nbsp;<\/p>\n<p>Embalaje: bolsa de 25KG, 24TM\/20FCL sin palet<\/p>\n","protected":false},"excerpt":{"rendered":"<p>CAS NO.: 144-62-7<\/p>\n<p>F\u00f3rmula molecular: C2H2O4<\/p>\n","protected":false},"featured_media":4070,"template":"","meta":{"site-sidebar-layout":"default","site-content-layout":"","ast-site-content-layout":"default","site-content-style":"default","site-sidebar-style":"default","ast-global-header-display":"","ast-banner-title-visibility":"","ast-main-header-display":"","ast-hfb-above-header-display":"","ast-hfb-below-header-display":"","ast-hfb-mobile-header-display":"","site-post-title":"","ast-breadcrumbs-content":"","ast-featured-img":"","footer-sml-layout":"","ast-disable-related-posts":"","theme-transparent-header-meta":"default","adv-header-id-meta":"","stick-header-meta":"default","header-above-stick-meta":"","header-main-stick-meta":"","header-below-stick-meta":"","astra-migrate-meta-layouts":"set","ast-page-background-enabled":"default","ast-page-background-meta":{"desktop":{"background-color":"var(--ast-global-color-4)","background-image":"","background-repeat":"repeat","background-position":"center center","background-size":"auto","background-attachment":"scroll","background-type":"","background-media":"","overlay-type":"","overlay-color":"","overlay-opacity":"","overlay-gradient":""},"tablet":{"background-color":"","background-image":"","background-repeat":"repeat","background-position":"center center","background-size":"auto","background-attachment":"scroll","background-type":"","background-media":"","overlay-type":"","overlay-color":"","overlay-opacity":"","overlay-gradient":""},"mobile":{"background-color":"","background-image":"","background-repeat":"repeat","background-position":"center center","background-size":"auto","background-attachment":"scroll","background-type":"","background-media":"","overlay-type":"","overlay-color":"","overlay-opacity":"","overlay-gradient":""}},"ast-content-background-meta":{"desktop":{"background-color":"var(--ast-global-color-5)","background-image":"","background-repeat":"repeat","background-position":"center center","background-size":"auto","background-attachment":"scroll","background-type":"","background-media":"","overlay-type":"","overlay-color":"","overlay-opacity":"","overlay-gradient":""},"tablet":{"background-color":"var(--ast-global-color-5)","background-image":"","background-repeat":"repeat","background-position":"center center","background-size":"auto","background-attachment":"scroll","background-type":"","background-media":"","overlay-type":"","overlay-color":"","overlay-opacity":"","overlay-gradient":""},"mobile":{"background-color":"var(--ast-global-color-5)","background-image":"","background-repeat":"repeat","background-position":"center center","background-size":"auto","background-attachment":"scroll","background-type":"","background-media":"","overlay-type":"","overlay-color":"","overlay-opacity":"","overlay-gradient":""}}},"product_brand":[],"product_cat":[35],"product_tag":[],"class_list":{"0":"post-4069","1":"product","2":"type-product","3":"status-publish","4":"has-post-thumbnail","6":"product_cat-plastico","7":"desktop-align-center","8":"tablet-align-left","9":"mobile-align-center","10":"ast-product-gallery-layout-horizontal-slider","11":"ast-magnify-disabled","12":"ast-product-tabs-layout-horizontal","14":"first","15":"instock","16":"shipping-taxable","17":"product-type-simple"},"_links":{"self":[{"href":"https:\/\/www.chemichase.com\/es\/wp-json\/wp\/v2\/product\/4069","targetHints":{"allow":["GET"]}}],"collection":[{"href":"https:\/\/www.chemichase.com\/es\/wp-json\/wp\/v2\/product"}],"about":[{"href":"https:\/\/www.chemichase.com\/es\/wp-json\/wp\/v2\/types\/product"}],"wp:featuredmedia":[{"embeddable":true,"href":"https:\/\/www.chemichase.com\/es\/wp-json\/wp\/v2\/media\/4070"}],"wp:attachment":[{"href":"https:\/\/www.chemichase.com\/es\/wp-json\/wp\/v2\/media?parent=4069"}],"wp:term":[{"taxonomy":"product_brand","embeddable":true,"href":"https:\/\/www.chemichase.com\/es\/wp-json\/wp\/v2\/product_brand?post=4069"},{"taxonomy":"product_cat","embeddable":true,"href":"https:\/\/www.chemichase.com\/es\/wp-json\/wp\/v2\/product_cat?post=4069"},{"taxonomy":"product_tag","embeddable":true,"href":"https:\/\/www.chemichase.com\/es\/wp-json\/wp\/v2\/product_tag?post=4069"}],"curies":[{"name":"wp","href":"https:\/\/api.w.org\/{rel}","templated":true}]}}