{"id":4054,"date":"2023-10-26T15:36:31","date_gmt":"2023-10-26T07:36:31","guid":{"rendered":"https:\/\/www.chemichase.com\/es\/?post_type=product&#038;p=4054"},"modified":"2023-12-18T10:41:36","modified_gmt":"2023-12-18T02:41:36","slug":"polyethylenepe","status":"publish","type":"product","link":"https:\/\/www.chemichase.com\/es\/plastico\/polyethylenepe\/","title":{"rendered":"Polietileno (PE)"},"content":{"rendered":"<p>Densidad: 0,95<\/p>\n<p>Apariencia: part\u00edculas de cera lechosa, sin olor, sin olor, no t\u00f3xico, sin brillo en la superficie.<\/p>\n<p>Uso: producci\u00f3n de pel\u00edculas, grandes almacenes diarios, tuber\u00edas, cables y cables el\u00e9ctricos a trav\u00e9s de m\u00e9todos de moldeo por inyecci\u00f3n, extrusi\u00f3n y soplado.<\/p>\n<p>&nbsp;<\/p>\n<p>Embalaje: bolsas de 25 kg.<\/p>\n<p>18TM\/ 20fcl sin palet; 15TM\/ 20fcl con palet.<\/p>\n<p>26TM\/ 40fcl sin palet; 25.6TM\/ 40fcl con palet.<\/p>\n","protected":false},"excerpt":{"rendered":"<p>CAS NO.: 9002-88-4<\/p>\n<p>F\u00f3rmula molecular: (C<sub>2<\/sub>H<sub>4<\/sub>)n<\/p>\n","protected":false},"featured_media":4055,"template":"","meta":{"site-sidebar-layout":"default","site-content-layout":"","ast-site-content-layout":"default","site-content-style":"default","site-sidebar-style":"default","ast-global-header-display":"","ast-banner-title-visibility":"","ast-main-header-display":"","ast-hfb-above-header-display":"","ast-hfb-below-header-display":"","ast-hfb-mobile-header-display":"","site-post-title":"","ast-breadcrumbs-content":"","ast-featured-img":"","footer-sml-layout":"","ast-disable-related-posts":"","theme-transparent-header-meta":"default","adv-header-id-meta":"","stick-header-meta":"default","header-above-stick-meta":"","header-main-stick-meta":"","header-below-stick-meta":"","astra-migrate-meta-layouts":"set","ast-page-background-enabled":"default","ast-page-background-meta":{"desktop":{"background-color":"var(--ast-global-color-4)","background-image":"","background-repeat":"repeat","background-position":"center center","background-size":"auto","background-attachment":"scroll","background-type":"","background-media":"","overlay-type":"","overlay-color":"","overlay-opacity":"","overlay-gradient":""},"tablet":{"background-color":"","background-image":"","background-repeat":"repeat","background-position":"center center","background-size":"auto","background-attachment":"scroll","background-type":"","background-media":"","overlay-type":"","overlay-color":"","overlay-opacity":"","overlay-gradient":""},"mobile":{"background-color":"","background-image":"","background-repeat":"repeat","background-position":"center center","background-size":"auto","background-attachment":"scroll","background-type":"","background-media":"","overlay-type":"","overlay-color":"","overlay-opacity":"","overlay-gradient":""}},"ast-content-background-meta":{"desktop":{"background-color":"var(--ast-global-color-5)","background-image":"","background-repeat":"repeat","background-position":"center center","background-size":"auto","background-attachment":"scroll","background-type":"","background-media":"","overlay-type":"","overlay-color":"","overlay-opacity":"","overlay-gradient":""},"tablet":{"background-color":"var(--ast-global-color-5)","background-image":"","background-repeat":"repeat","background-position":"center center","background-size":"auto","background-attachment":"scroll","background-type":"","background-media":"","overlay-type":"","overlay-color":"","overlay-opacity":"","overlay-gradient":""},"mobile":{"background-color":"var(--ast-global-color-5)","background-image":"","background-repeat":"repeat","background-position":"center center","background-size":"auto","background-attachment":"scroll","background-type":"","background-media":"","overlay-type":"","overlay-color":"","overlay-opacity":"","overlay-gradient":""}}},"product_brand":[],"product_cat":[35],"product_tag":[],"class_list":{"0":"post-4054","1":"product","2":"type-product","3":"status-publish","4":"has-post-thumbnail","6":"product_cat-plastico","7":"desktop-align-center","8":"tablet-align-left","9":"mobile-align-center","10":"ast-product-gallery-layout-horizontal-slider","11":"ast-magnify-disabled","12":"ast-product-tabs-layout-horizontal","14":"first","15":"instock","16":"shipping-taxable","17":"product-type-simple"},"_links":{"self":[{"href":"https:\/\/www.chemichase.com\/es\/wp-json\/wp\/v2\/product\/4054","targetHints":{"allow":["GET"]}}],"collection":[{"href":"https:\/\/www.chemichase.com\/es\/wp-json\/wp\/v2\/product"}],"about":[{"href":"https:\/\/www.chemichase.com\/es\/wp-json\/wp\/v2\/types\/product"}],"wp:featuredmedia":[{"embeddable":true,"href":"https:\/\/www.chemichase.com\/es\/wp-json\/wp\/v2\/media\/4055"}],"wp:attachment":[{"href":"https:\/\/www.chemichase.com\/es\/wp-json\/wp\/v2\/media?parent=4054"}],"wp:term":[{"taxonomy":"product_brand","embeddable":true,"href":"https:\/\/www.chemichase.com\/es\/wp-json\/wp\/v2\/product_brand?post=4054"},{"taxonomy":"product_cat","embeddable":true,"href":"https:\/\/www.chemichase.com\/es\/wp-json\/wp\/v2\/product_cat?post=4054"},{"taxonomy":"product_tag","embeddable":true,"href":"https:\/\/www.chemichase.com\/es\/wp-json\/wp\/v2\/product_tag?post=4054"}],"curies":[{"name":"wp","href":"https:\/\/api.w.org\/{rel}","templated":true}]}}