{"id":4052,"date":"2023-10-26T15:19:36","date_gmt":"2023-10-26T07:19:36","guid":{"rendered":"https:\/\/www.chemichase.com\/es\/?post_type=product&#038;p=4052"},"modified":"2023-12-23T15:43:39","modified_gmt":"2023-12-23T07:43:39","slug":"polypropylenepp","status":"publish","type":"product","link":"https:\/\/www.chemichase.com\/es\/plastico\/polypropylenepp\/","title":{"rendered":"Polipropileno (PP)"},"content":{"rendered":"<p>Punto de fusi\u00f3n: 189 \u00b0 c (iluminaci\u00f3n)<\/p>\n<p>\u00edndice de refracci\u00f3n: N20 \/ D 1,49 (iluminaci\u00f3n)<\/p>\n<p>Densidad: 0,9 G \/ ML a 25 \u00b0 c (iluminaci\u00f3n)<\/p>\n<p>Apariencia: polvo blanco<\/p>\n<p>&nbsp;<\/p>\n<p>Uso: ampliamente utilizado en la producci\u00f3n de ropa, mantas y otros productos de fibra, dispositivos m\u00e9dicos, autom\u00f3viles, bicicletas, piezas, tuber\u00edas de transporte, contenedores qu\u00edmicos, etc., tambi\u00e9n se puede utilizar en envases de alimentos y medicamentos.<\/p>\n<p>&nbsp;<\/p>\n<p>Embalaje: bolsas de 25 kg.<\/p>\n<p>18TM \/20FCL sin palet; 15TM\/20FCL con palet.<\/p>\n<p>26TM\/40FCL sin palet; 25.6TM\/40FCL con palet.<\/p>\n","protected":false},"excerpt":{"rendered":"<p>CAS NO.: 9003-07-0<\/p>\n<p>F\u00f3rmula molecular: (C<sub>3<\/sub>H<sub>6<\/sub>)n<\/p>\n","protected":false},"featured_media":4053,"template":"","meta":{"site-sidebar-layout":"default","site-content-layout":"","ast-site-content-layout":"default","site-content-style":"default","site-sidebar-style":"default","ast-global-header-display":"","ast-banner-title-visibility":"","ast-main-header-display":"","ast-hfb-above-header-display":"","ast-hfb-below-header-display":"","ast-hfb-mobile-header-display":"","site-post-title":"","ast-breadcrumbs-content":"","ast-featured-img":"","footer-sml-layout":"","ast-disable-related-posts":"","theme-transparent-header-meta":"default","adv-header-id-meta":"","stick-header-meta":"default","header-above-stick-meta":"","header-main-stick-meta":"","header-below-stick-meta":"","astra-migrate-meta-layouts":"set","ast-page-background-enabled":"default","ast-page-background-meta":{"desktop":{"background-color":"var(--ast-global-color-4)","background-image":"","background-repeat":"repeat","background-position":"center center","background-size":"auto","background-attachment":"scroll","background-type":"","background-media":"","overlay-type":"","overlay-color":"","overlay-opacity":"","overlay-gradient":""},"tablet":{"background-color":"","background-image":"","background-repeat":"repeat","background-position":"center center","background-size":"auto","background-attachment":"scroll","background-type":"","background-media":"","overlay-type":"","overlay-color":"","overlay-opacity":"","overlay-gradient":""},"mobile":{"background-color":"","background-image":"","background-repeat":"repeat","background-position":"center center","background-size":"auto","background-attachment":"scroll","background-type":"","background-media":"","overlay-type":"","overlay-color":"","overlay-opacity":"","overlay-gradient":""}},"ast-content-background-meta":{"desktop":{"background-color":"var(--ast-global-color-5)","background-image":"","background-repeat":"repeat","background-position":"center center","background-size":"auto","background-attachment":"scroll","background-type":"","background-media":"","overlay-type":"","overlay-color":"","overlay-opacity":"","overlay-gradient":""},"tablet":{"background-color":"var(--ast-global-color-5)","background-image":"","background-repeat":"repeat","background-position":"center center","background-size":"auto","background-attachment":"scroll","background-type":"","background-media":"","overlay-type":"","overlay-color":"","overlay-opacity":"","overlay-gradient":""},"mobile":{"background-color":"var(--ast-global-color-5)","background-image":"","background-repeat":"repeat","background-position":"center center","background-size":"auto","background-attachment":"scroll","background-type":"","background-media":"","overlay-type":"","overlay-color":"","overlay-opacity":"","overlay-gradient":""}}},"product_brand":[],"product_cat":[35],"product_tag":[],"class_list":{"0":"post-4052","1":"product","2":"type-product","3":"status-publish","4":"has-post-thumbnail","6":"product_cat-plastico","7":"desktop-align-center","8":"tablet-align-left","9":"mobile-align-center","10":"ast-product-gallery-layout-horizontal-slider","11":"ast-magnify-disabled","12":"ast-product-tabs-layout-horizontal","14":"first","15":"instock","16":"shipping-taxable","17":"product-type-simple"},"_links":{"self":[{"href":"https:\/\/www.chemichase.com\/es\/wp-json\/wp\/v2\/product\/4052","targetHints":{"allow":["GET"]}}],"collection":[{"href":"https:\/\/www.chemichase.com\/es\/wp-json\/wp\/v2\/product"}],"about":[{"href":"https:\/\/www.chemichase.com\/es\/wp-json\/wp\/v2\/types\/product"}],"wp:featuredmedia":[{"embeddable":true,"href":"https:\/\/www.chemichase.com\/es\/wp-json\/wp\/v2\/media\/4053"}],"wp:attachment":[{"href":"https:\/\/www.chemichase.com\/es\/wp-json\/wp\/v2\/media?parent=4052"}],"wp:term":[{"taxonomy":"product_brand","embeddable":true,"href":"https:\/\/www.chemichase.com\/es\/wp-json\/wp\/v2\/product_brand?post=4052"},{"taxonomy":"product_cat","embeddable":true,"href":"https:\/\/www.chemichase.com\/es\/wp-json\/wp\/v2\/product_cat?post=4052"},{"taxonomy":"product_tag","embeddable":true,"href":"https:\/\/www.chemichase.com\/es\/wp-json\/wp\/v2\/product_tag?post=4052"}],"curies":[{"name":"wp","href":"https:\/\/api.w.org\/{rel}","templated":true}]}}