{"id":4017,"date":"2023-10-26T10:57:07","date_gmt":"2023-10-26T02:57:07","guid":{"rendered":"https:\/\/www.chemichase.com\/es\/?post_type=product&#038;p=4017"},"modified":"2023-12-18T09:31:00","modified_gmt":"2023-12-18T01:31:00","slug":"pentamethyldiethylenetriaminepmdeta","status":"publish","type":"product","link":"https:\/\/www.chemichase.com\/es\/poliuretano\/pentamethyldiethylenetriaminepmdeta\/","title":{"rendered":"Pentametildietilentriamina (PMDETA)"},"content":{"rendered":"<p>Aspecto: l\u00edquido transparente de incoloro a amarillo claro, soluble en agua, \u00e9ter y disolventes alcoh\u00f3licos, puede absorber la humedad y el di\u00f3xido de carbono del aire.<\/p>\n<p>Punto de fusi\u00f3n: -20\u00b0C<\/p>\n<p>Punto de ebullici\u00f3n: 198\u00b0C<\/p>\n<p>\u00cdndice de refracci\u00f3n: 1.442<\/p>\n<p>Punto de inflamaci\u00f3n: 69\u00b0C<\/p>\n<p>Densidad: 0,827<\/p>\n<p>&nbsp;<\/p>\n<p>Uso: LCA-1 es un catalizador altamente eficiente para espuma flexible de poliuretano, que se utiliza principalmente en la formulaci\u00f3n de productos de espuma blanda, y tambi\u00e9n se puede utilizar como catalizador auxiliar para espuma dura para mejorar la fluidez de la espuma de PU en refrigeradores de gran capacidad. El producto tiene una gran actividad catal\u00edtica, una r\u00e1pida velocidad de formaci\u00f3n de espuma, alta tenacidad y alta capacidad de carga. En la espuma suave a 100 partes de poli\u00e9ter, agregar el presente producto 0.1-0.5 puede obtener un mejor efecto, el olor es bajos, y tiene amplia aplicaci\u00f3n.<\/p>\n<p>&nbsp;<\/p>\n<p>Embalaje: 170KG\/Tambor<\/p>\n","protected":false},"excerpt":{"rendered":"<p>CAS NO.: 3030-47-5<\/p>\n<p>F\u00f3rmula molecular: C9H23N3<\/p>\n","protected":false},"featured_media":4018,"template":"","meta":{"site-sidebar-layout":"default","site-content-layout":"","ast-site-content-layout":"default","site-content-style":"default","site-sidebar-style":"default","ast-global-header-display":"","ast-banner-title-visibility":"","ast-main-header-display":"","ast-hfb-above-header-display":"","ast-hfb-below-header-display":"","ast-hfb-mobile-header-display":"","site-post-title":"","ast-breadcrumbs-content":"","ast-featured-img":"","footer-sml-layout":"","ast-disable-related-posts":"","theme-transparent-header-meta":"default","adv-header-id-meta":"","stick-header-meta":"default","header-above-stick-meta":"","header-main-stick-meta":"","header-below-stick-meta":"","astra-migrate-meta-layouts":"set","ast-page-background-enabled":"default","ast-page-background-meta":{"desktop":{"background-color":"var(--ast-global-color-4)","background-image":"","background-repeat":"repeat","background-position":"center center","background-size":"auto","background-attachment":"scroll","background-type":"","background-media":"","overlay-type":"","overlay-color":"","overlay-opacity":"","overlay-gradient":""},"tablet":{"background-color":"","background-image":"","background-repeat":"repeat","background-position":"center center","background-size":"auto","background-attachment":"scroll","background-type":"","background-media":"","overlay-type":"","overlay-color":"","overlay-opacity":"","overlay-gradient":""},"mobile":{"background-color":"","background-image":"","background-repeat":"repeat","background-position":"center center","background-size":"auto","background-attachment":"scroll","background-type":"","background-media":"","overlay-type":"","overlay-color":"","overlay-opacity":"","overlay-gradient":""}},"ast-content-background-meta":{"desktop":{"background-color":"var(--ast-global-color-5)","background-image":"","background-repeat":"repeat","background-position":"center center","background-size":"auto","background-attachment":"scroll","background-type":"","background-media":"","overlay-type":"","overlay-color":"","overlay-opacity":"","overlay-gradient":""},"tablet":{"background-color":"var(--ast-global-color-5)","background-image":"","background-repeat":"repeat","background-position":"center center","background-size":"auto","background-attachment":"scroll","background-type":"","background-media":"","overlay-type":"","overlay-color":"","overlay-opacity":"","overlay-gradient":""},"mobile":{"background-color":"var(--ast-global-color-5)","background-image":"","background-repeat":"repeat","background-position":"center center","background-size":"auto","background-attachment":"scroll","background-type":"","background-media":"","overlay-type":"","overlay-color":"","overlay-opacity":"","overlay-gradient":""}}},"product_brand":[],"product_cat":[32],"product_tag":[],"class_list":{"0":"post-4017","1":"product","2":"type-product","3":"status-publish","4":"has-post-thumbnail","6":"product_cat-poliuretano","7":"desktop-align-center","8":"tablet-align-left","9":"mobile-align-center","10":"ast-product-gallery-layout-horizontal-slider","11":"ast-magnify-disabled","12":"ast-product-tabs-layout-horizontal","14":"first","15":"instock","16":"shipping-taxable","17":"product-type-simple"},"_links":{"self":[{"href":"https:\/\/www.chemichase.com\/es\/wp-json\/wp\/v2\/product\/4017","targetHints":{"allow":["GET"]}}],"collection":[{"href":"https:\/\/www.chemichase.com\/es\/wp-json\/wp\/v2\/product"}],"about":[{"href":"https:\/\/www.chemichase.com\/es\/wp-json\/wp\/v2\/types\/product"}],"wp:featuredmedia":[{"embeddable":true,"href":"https:\/\/www.chemichase.com\/es\/wp-json\/wp\/v2\/media\/4018"}],"wp:attachment":[{"href":"https:\/\/www.chemichase.com\/es\/wp-json\/wp\/v2\/media?parent=4017"}],"wp:term":[{"taxonomy":"product_brand","embeddable":true,"href":"https:\/\/www.chemichase.com\/es\/wp-json\/wp\/v2\/product_brand?post=4017"},{"taxonomy":"product_cat","embeddable":true,"href":"https:\/\/www.chemichase.com\/es\/wp-json\/wp\/v2\/product_cat?post=4017"},{"taxonomy":"product_tag","embeddable":true,"href":"https:\/\/www.chemichase.com\/es\/wp-json\/wp\/v2\/product_tag?post=4017"}],"curies":[{"name":"wp","href":"https:\/\/api.w.org\/{rel}","templated":true}]}}