{"id":3991,"date":"2023-10-26T09:24:18","date_gmt":"2023-10-26T01:24:18","guid":{"rendered":"https:\/\/www.chemichase.com\/es\/?post_type=product&#038;p=3991"},"modified":"2023-12-22T14:59:44","modified_gmt":"2023-12-22T06:59:44","slug":"phenol","status":"publish","type":"product","link":"https:\/\/www.chemichase.com\/es\/solventes\/phenol\/","title":{"rendered":"Fenol"},"content":{"rendered":"<p>Apariencia: Cristal incoloro en forma de aguja o frita cristalina blanca, inflamable, corrosivo fuerte. Venenoso.<\/p>\n<p>&nbsp;<\/p>\n<p>Punto de fusi\u00f3n: 40-42\u00baC<\/p>\n<p>Punto de ebullici\u00f3n: 182\u00b0C<\/p>\n<p>Solubilidad en agua: 8G\/100ML<\/p>\n<p>\u00cdndice de refracci\u00f3n: 1,5418<\/p>\n<p>Punto de inflamaci\u00f3n: 79\u00b0C<\/p>\n<p>Densidad: 1,07<\/p>\n<p>&nbsp;<\/p>\n<p>Uso: Puede usarse como solvente, reactivo experimental y desinfectante. Tiene usos importantes en materias primas qu\u00edmicas, alquilfenoles, fibras sint\u00e9ticas, pl\u00e1sticos, caucho sint\u00e9tico, medicinas, pesticidas, especias, tintes, recubrimientos e industrias de refinaci\u00f3n de petr\u00f3leo.<\/p>\n<p>&nbsp;<\/p>\n<p>Embalaje: 200KG\/Tambor, 16TM\/20 FCL; 24TM\/40FCL<\/p>\n","protected":false},"excerpt":{"rendered":"<p>CAS NO.: 108-95-2<\/p>\n<p>F\u00f3rmula molecular: C<sub>6<\/sub>H<sub>6<\/sub>O<\/p>\n","protected":false},"featured_media":3992,"template":"","meta":{"site-sidebar-layout":"default","site-content-layout":"","ast-site-content-layout":"default","site-content-style":"default","site-sidebar-style":"default","ast-global-header-display":"","ast-banner-title-visibility":"","ast-main-header-display":"","ast-hfb-above-header-display":"","ast-hfb-below-header-display":"","ast-hfb-mobile-header-display":"","site-post-title":"","ast-breadcrumbs-content":"","ast-featured-img":"","footer-sml-layout":"","ast-disable-related-posts":"","theme-transparent-header-meta":"default","adv-header-id-meta":"","stick-header-meta":"default","header-above-stick-meta":"","header-main-stick-meta":"","header-below-stick-meta":"","astra-migrate-meta-layouts":"set","ast-page-background-enabled":"default","ast-page-background-meta":{"desktop":{"background-color":"var(--ast-global-color-4)","background-image":"","background-repeat":"repeat","background-position":"center center","background-size":"auto","background-attachment":"scroll","background-type":"","background-media":"","overlay-type":"","overlay-color":"","overlay-opacity":"","overlay-gradient":""},"tablet":{"background-color":"","background-image":"","background-repeat":"repeat","background-position":"center center","background-size":"auto","background-attachment":"scroll","background-type":"","background-media":"","overlay-type":"","overlay-color":"","overlay-opacity":"","overlay-gradient":""},"mobile":{"background-color":"","background-image":"","background-repeat":"repeat","background-position":"center center","background-size":"auto","background-attachment":"scroll","background-type":"","background-media":"","overlay-type":"","overlay-color":"","overlay-opacity":"","overlay-gradient":""}},"ast-content-background-meta":{"desktop":{"background-color":"var(--ast-global-color-5)","background-image":"","background-repeat":"repeat","background-position":"center center","background-size":"auto","background-attachment":"scroll","background-type":"","background-media":"","overlay-type":"","overlay-color":"","overlay-opacity":"","overlay-gradient":""},"tablet":{"background-color":"var(--ast-global-color-5)","background-image":"","background-repeat":"repeat","background-position":"center center","background-size":"auto","background-attachment":"scroll","background-type":"","background-media":"","overlay-type":"","overlay-color":"","overlay-opacity":"","overlay-gradient":""},"mobile":{"background-color":"var(--ast-global-color-5)","background-image":"","background-repeat":"repeat","background-position":"center center","background-size":"auto","background-attachment":"scroll","background-type":"","background-media":"","overlay-type":"","overlay-color":"","overlay-opacity":"","overlay-gradient":""}}},"product_brand":[],"product_cat":[31],"product_tag":[],"class_list":{"0":"post-3991","1":"product","2":"type-product","3":"status-publish","4":"has-post-thumbnail","6":"product_cat-solventes","7":"desktop-align-center","8":"tablet-align-left","9":"mobile-align-center","10":"ast-product-gallery-layout-horizontal-slider","11":"ast-magnify-disabled","12":"ast-product-tabs-layout-horizontal","14":"first","15":"instock","16":"shipping-taxable","17":"product-type-simple"},"_links":{"self":[{"href":"https:\/\/www.chemichase.com\/es\/wp-json\/wp\/v2\/product\/3991","targetHints":{"allow":["GET"]}}],"collection":[{"href":"https:\/\/www.chemichase.com\/es\/wp-json\/wp\/v2\/product"}],"about":[{"href":"https:\/\/www.chemichase.com\/es\/wp-json\/wp\/v2\/types\/product"}],"wp:featuredmedia":[{"embeddable":true,"href":"https:\/\/www.chemichase.com\/es\/wp-json\/wp\/v2\/media\/3992"}],"wp:attachment":[{"href":"https:\/\/www.chemichase.com\/es\/wp-json\/wp\/v2\/media?parent=3991"}],"wp:term":[{"taxonomy":"product_brand","embeddable":true,"href":"https:\/\/www.chemichase.com\/es\/wp-json\/wp\/v2\/product_brand?post=3991"},{"taxonomy":"product_cat","embeddable":true,"href":"https:\/\/www.chemichase.com\/es\/wp-json\/wp\/v2\/product_cat?post=3991"},{"taxonomy":"product_tag","embeddable":true,"href":"https:\/\/www.chemichase.com\/es\/wp-json\/wp\/v2\/product_tag?post=3991"}],"curies":[{"name":"wp","href":"https:\/\/api.w.org\/{rel}","templated":true}]}}