{"id":3970,"date":"2023-10-25T16:46:37","date_gmt":"2023-10-25T08:46:37","guid":{"rendered":"https:\/\/www.chemichase.com\/es\/?post_type=product&#038;p=3970"},"modified":"2023-12-18T08:52:40","modified_gmt":"2023-12-18T00:52:40","slug":"acetone","status":"publish","type":"product","link":"https:\/\/www.chemichase.com\/es\/solventes\/acetone\/","title":{"rendered":"Acetona"},"content":{"rendered":"<p>Apariencia: L\u00edquido inflamable vol\u00e1til incoloro con ligero aroma<\/p>\n<p>Punto de fusi\u00f3n: -95\u00b0C<\/p>\n<p>Punto de ebullici\u00f3n: 56\u00b0C<\/p>\n<p>Solubilidad en agua: soluble<\/p>\n<p>\u00cdndice de refracci\u00f3n: 1,3585<\/p>\n<p>Punto de inflamaci\u00f3n: -20\u00b0C<\/p>\n<p>Densidad: 0,79<\/p>\n<p>&nbsp;<\/p>\n<p>Uso: En la industria, se utiliza principalmente como disolvente en explosivos, pl\u00e1sticos, caucho, fibras, cuero, grasas, pintura en aerosol y otras industrias, y tambi\u00e9n puede utilizarse como materia prima importante para la s\u00edntesis de cetena, anh\u00eddrido ac\u00e9tico, yodoformo, caucho de poliisopreno, metacrilato de metilo, cloroformo, resina epoxi y otras sustancias.<\/p>\n<p>&nbsp;<\/p>\n<p>Embalaje: 160 kg\/Tambor, 80 tambores=12,8TM\/20 FCL; 24,32 TM\/40 FCL<\/p>\n","protected":false},"excerpt":{"rendered":"<p>CAS NO.: 67-64-1<\/p>\n<p>F\u00f3rmula molecular: C<sub>3<\/sub>H<sub>6<\/sub>O<\/p>\n","protected":false},"featured_media":3971,"template":"","meta":{"site-sidebar-layout":"default","site-content-layout":"","ast-site-content-layout":"default","site-content-style":"default","site-sidebar-style":"default","ast-global-header-display":"","ast-banner-title-visibility":"","ast-main-header-display":"","ast-hfb-above-header-display":"","ast-hfb-below-header-display":"","ast-hfb-mobile-header-display":"","site-post-title":"","ast-breadcrumbs-content":"","ast-featured-img":"","footer-sml-layout":"","ast-disable-related-posts":"","theme-transparent-header-meta":"default","adv-header-id-meta":"","stick-header-meta":"default","header-above-stick-meta":"","header-main-stick-meta":"","header-below-stick-meta":"","astra-migrate-meta-layouts":"set","ast-page-background-enabled":"default","ast-page-background-meta":{"desktop":{"background-color":"var(--ast-global-color-4)","background-image":"","background-repeat":"repeat","background-position":"center center","background-size":"auto","background-attachment":"scroll","background-type":"","background-media":"","overlay-type":"","overlay-color":"","overlay-opacity":"","overlay-gradient":""},"tablet":{"background-color":"","background-image":"","background-repeat":"repeat","background-position":"center center","background-size":"auto","background-attachment":"scroll","background-type":"","background-media":"","overlay-type":"","overlay-color":"","overlay-opacity":"","overlay-gradient":""},"mobile":{"background-color":"","background-image":"","background-repeat":"repeat","background-position":"center center","background-size":"auto","background-attachment":"scroll","background-type":"","background-media":"","overlay-type":"","overlay-color":"","overlay-opacity":"","overlay-gradient":""}},"ast-content-background-meta":{"desktop":{"background-color":"var(--ast-global-color-5)","background-image":"","background-repeat":"repeat","background-position":"center center","background-size":"auto","background-attachment":"scroll","background-type":"","background-media":"","overlay-type":"","overlay-color":"","overlay-opacity":"","overlay-gradient":""},"tablet":{"background-color":"var(--ast-global-color-5)","background-image":"","background-repeat":"repeat","background-position":"center center","background-size":"auto","background-attachment":"scroll","background-type":"","background-media":"","overlay-type":"","overlay-color":"","overlay-opacity":"","overlay-gradient":""},"mobile":{"background-color":"var(--ast-global-color-5)","background-image":"","background-repeat":"repeat","background-position":"center center","background-size":"auto","background-attachment":"scroll","background-type":"","background-media":"","overlay-type":"","overlay-color":"","overlay-opacity":"","overlay-gradient":""}}},"product_brand":[],"product_cat":[31],"product_tag":[],"class_list":{"0":"post-3970","1":"product","2":"type-product","3":"status-publish","4":"has-post-thumbnail","6":"product_cat-solventes","7":"desktop-align-center","8":"tablet-align-left","9":"mobile-align-center","10":"ast-product-gallery-layout-horizontal-slider","11":"ast-magnify-disabled","12":"ast-product-tabs-layout-horizontal","14":"first","15":"instock","16":"shipping-taxable","17":"product-type-simple"},"_links":{"self":[{"href":"https:\/\/www.chemichase.com\/es\/wp-json\/wp\/v2\/product\/3970","targetHints":{"allow":["GET"]}}],"collection":[{"href":"https:\/\/www.chemichase.com\/es\/wp-json\/wp\/v2\/product"}],"about":[{"href":"https:\/\/www.chemichase.com\/es\/wp-json\/wp\/v2\/types\/product"}],"wp:featuredmedia":[{"embeddable":true,"href":"https:\/\/www.chemichase.com\/es\/wp-json\/wp\/v2\/media\/3971"}],"wp:attachment":[{"href":"https:\/\/www.chemichase.com\/es\/wp-json\/wp\/v2\/media?parent=3970"}],"wp:term":[{"taxonomy":"product_brand","embeddable":true,"href":"https:\/\/www.chemichase.com\/es\/wp-json\/wp\/v2\/product_brand?post=3970"},{"taxonomy":"product_cat","embeddable":true,"href":"https:\/\/www.chemichase.com\/es\/wp-json\/wp\/v2\/product_cat?post=3970"},{"taxonomy":"product_tag","embeddable":true,"href":"https:\/\/www.chemichase.com\/es\/wp-json\/wp\/v2\/product_tag?post=3970"}],"curies":[{"name":"wp","href":"https:\/\/api.w.org\/{rel}","templated":true}]}}