{"id":3948,"date":"2023-10-25T14:59:58","date_gmt":"2023-10-25T06:59:58","guid":{"rendered":"https:\/\/www.chemichase.com\/es\/?post_type=product&#038;p=3948"},"modified":"2023-12-22T14:29:29","modified_gmt":"2023-12-22T06:29:29","slug":"ethanolamine","status":"publish","type":"product","link":"https:\/\/www.chemichase.com\/es\/solventes\/ethanolamine\/","title":{"rendered":"Etanolamina"},"content":{"rendered":"<p>Aspecto: A temperatura ambiente, son l\u00edquidos viscosos incoloros y transparentes, olor higrosc\u00f3pico y amon\u00edaco, miscibles con agua, etanol y acetona, ligeramente solubles en \u00e9ter y tetracloruro de carbono, pueden absorber di\u00f3xido de carbono y sulfuro de hidr\u00f3geno, reaccionar con \u00e1cidos inorg\u00e1nicos y \u00e1cidos org\u00e1nicos para formar \u00e9steres, todos alcalinos.<\/p>\n<p>&nbsp;<\/p>\n<p>Punto de fusi\u00f3n: 10,3\u00b0C<\/p>\n<p>Punto de ebullici\u00f3n: 170\u00b0C<\/p>\n<p>Solubilidad en agua: miscrible<\/p>\n<p>\u00cdndice de refracci\u00f3n: 1,453-1,455<\/p>\n<p>Punto de inflamaci\u00f3n: 85\u00b0C<\/p>\n<p>Densidad: 1.012<\/p>\n<p>Uso: Se utiliza para la separaci\u00f3n de alcoholes con bajo contenido de carbono, piridina y sus derivados.<\/p>\n<p>&nbsp;<\/p>\n<p>Embalaje: 210 KG\/Tambor, 16,8 TM\/20 FCL<\/p>\n","protected":false},"excerpt":{"rendered":"<p>CAS NO.: 141-43-5<\/p>\n<p>F\u00f3rmula molecular: C<sub>2<\/sub>H<sub>7<\/sub>NO<\/p>\n","protected":false},"featured_media":3949,"template":"","meta":{"site-sidebar-layout":"default","site-content-layout":"","ast-site-content-layout":"default","site-content-style":"default","site-sidebar-style":"default","ast-global-header-display":"","ast-banner-title-visibility":"","ast-main-header-display":"","ast-hfb-above-header-display":"","ast-hfb-below-header-display":"","ast-hfb-mobile-header-display":"","site-post-title":"","ast-breadcrumbs-content":"","ast-featured-img":"","footer-sml-layout":"","ast-disable-related-posts":"","theme-transparent-header-meta":"default","adv-header-id-meta":"","stick-header-meta":"default","header-above-stick-meta":"","header-main-stick-meta":"","header-below-stick-meta":"","astra-migrate-meta-layouts":"set","ast-page-background-enabled":"default","ast-page-background-meta":{"desktop":{"background-color":"var(--ast-global-color-4)","background-image":"","background-repeat":"repeat","background-position":"center center","background-size":"auto","background-attachment":"scroll","background-type":"","background-media":"","overlay-type":"","overlay-color":"","overlay-opacity":"","overlay-gradient":""},"tablet":{"background-color":"","background-image":"","background-repeat":"repeat","background-position":"center center","background-size":"auto","background-attachment":"scroll","background-type":"","background-media":"","overlay-type":"","overlay-color":"","overlay-opacity":"","overlay-gradient":""},"mobile":{"background-color":"","background-image":"","background-repeat":"repeat","background-position":"center center","background-size":"auto","background-attachment":"scroll","background-type":"","background-media":"","overlay-type":"","overlay-color":"","overlay-opacity":"","overlay-gradient":""}},"ast-content-background-meta":{"desktop":{"background-color":"var(--ast-global-color-5)","background-image":"","background-repeat":"repeat","background-position":"center center","background-size":"auto","background-attachment":"scroll","background-type":"","background-media":"","overlay-type":"","overlay-color":"","overlay-opacity":"","overlay-gradient":""},"tablet":{"background-color":"var(--ast-global-color-5)","background-image":"","background-repeat":"repeat","background-position":"center center","background-size":"auto","background-attachment":"scroll","background-type":"","background-media":"","overlay-type":"","overlay-color":"","overlay-opacity":"","overlay-gradient":""},"mobile":{"background-color":"var(--ast-global-color-5)","background-image":"","background-repeat":"repeat","background-position":"center center","background-size":"auto","background-attachment":"scroll","background-type":"","background-media":"","overlay-type":"","overlay-color":"","overlay-opacity":"","overlay-gradient":""}}},"product_brand":[],"product_cat":[31],"product_tag":[],"class_list":{"0":"post-3948","1":"product","2":"type-product","3":"status-publish","4":"has-post-thumbnail","6":"product_cat-solventes","7":"desktop-align-center","8":"tablet-align-left","9":"mobile-align-center","10":"ast-product-gallery-layout-horizontal-slider","11":"ast-magnify-disabled","12":"ast-product-tabs-layout-horizontal","14":"first","15":"instock","16":"shipping-taxable","17":"product-type-simple"},"_links":{"self":[{"href":"https:\/\/www.chemichase.com\/es\/wp-json\/wp\/v2\/product\/3948","targetHints":{"allow":["GET"]}}],"collection":[{"href":"https:\/\/www.chemichase.com\/es\/wp-json\/wp\/v2\/product"}],"about":[{"href":"https:\/\/www.chemichase.com\/es\/wp-json\/wp\/v2\/types\/product"}],"wp:featuredmedia":[{"embeddable":true,"href":"https:\/\/www.chemichase.com\/es\/wp-json\/wp\/v2\/media\/3949"}],"wp:attachment":[{"href":"https:\/\/www.chemichase.com\/es\/wp-json\/wp\/v2\/media?parent=3948"}],"wp:term":[{"taxonomy":"product_brand","embeddable":true,"href":"https:\/\/www.chemichase.com\/es\/wp-json\/wp\/v2\/product_brand?post=3948"},{"taxonomy":"product_cat","embeddable":true,"href":"https:\/\/www.chemichase.com\/es\/wp-json\/wp\/v2\/product_cat?post=3948"},{"taxonomy":"product_tag","embeddable":true,"href":"https:\/\/www.chemichase.com\/es\/wp-json\/wp\/v2\/product_tag?post=3948"}],"curies":[{"name":"wp","href":"https:\/\/api.w.org\/{rel}","templated":true}]}}