{"id":3932,"date":"2023-10-25T10:28:13","date_gmt":"2023-10-25T02:28:13","guid":{"rendered":"https:\/\/www.chemichase.com\/es\/?post_type=product&#038;p=3932"},"modified":"2023-12-08T10:48:33","modified_gmt":"2023-12-08T02:48:33","slug":"tetrahydrofuranthf","status":"publish","type":"product","link":"https:\/\/www.chemichase.com\/es\/solventes\/tetrahydrofuranthf\/","title":{"rendered":"Tetrahidrofurano (THF)"},"content":{"rendered":"<p>Aspecto: L\u00edquido transparente incoloro<\/p>\n<p>Punto de fusi\u00f3n: -108,4\u00b0C<\/p>\n<p>Punto de ebullici\u00f3n: 66\u00b0C<\/p>\n<p>Solubilidad en agua: miscrible<\/p>\n<p>\u00cdndice de refracci\u00f3n: 1.407<\/p>\n<p>Punto de inflamaci\u00f3n: -21\u00b0C<\/p>\n<p>Densidad: 0,886<\/p>\n<p>Uso: Utilizado como solvente y materia prima para s\u00edntesis org\u00e1nica.<\/p>\n<p>Se utiliza como reactivo de an\u00e1lisis cromatogr\u00e1fico, disolvente org\u00e1nico e intermedio de nailon 66. Agente de tratamiento superficial para cuero sint\u00e9tico.<\/p>\n<p>&nbsp;<\/p>\n<p>Embalaje: 180KG\/Tambor, 14,4TM\/20FCL, 24,48TM\/40FCL.<\/p>\n<p>21TM\/Tanque ISO<\/p>\n","protected":false},"excerpt":{"rendered":"<p>CAS NO.: 109-99-9<\/p>\n<p>F\u00f3rmula molecular<span style=\"font-size: 16px;\">: C<\/span><sub>4<\/sub><span style=\"font-size: 16px;\">H<\/span><sub>8<\/sub><span style=\"font-size: 16px;\">O<\/span><\/p>\n","protected":false},"featured_media":3933,"template":"","meta":{"site-sidebar-layout":"default","site-content-layout":"","ast-site-content-layout":"default","site-content-style":"default","site-sidebar-style":"default","ast-global-header-display":"","ast-banner-title-visibility":"","ast-main-header-display":"","ast-hfb-above-header-display":"","ast-hfb-below-header-display":"","ast-hfb-mobile-header-display":"","site-post-title":"","ast-breadcrumbs-content":"","ast-featured-img":"","footer-sml-layout":"","ast-disable-related-posts":"","theme-transparent-header-meta":"default","adv-header-id-meta":"","stick-header-meta":"default","header-above-stick-meta":"","header-main-stick-meta":"","header-below-stick-meta":"","astra-migrate-meta-layouts":"set","ast-page-background-enabled":"default","ast-page-background-meta":{"desktop":{"background-color":"var(--ast-global-color-4)","background-image":"","background-repeat":"repeat","background-position":"center center","background-size":"auto","background-attachment":"scroll","background-type":"","background-media":"","overlay-type":"","overlay-color":"","overlay-opacity":"","overlay-gradient":""},"tablet":{"background-color":"","background-image":"","background-repeat":"repeat","background-position":"center center","background-size":"auto","background-attachment":"scroll","background-type":"","background-media":"","overlay-type":"","overlay-color":"","overlay-opacity":"","overlay-gradient":""},"mobile":{"background-color":"","background-image":"","background-repeat":"repeat","background-position":"center center","background-size":"auto","background-attachment":"scroll","background-type":"","background-media":"","overlay-type":"","overlay-color":"","overlay-opacity":"","overlay-gradient":""}},"ast-content-background-meta":{"desktop":{"background-color":"var(--ast-global-color-5)","background-image":"","background-repeat":"repeat","background-position":"center center","background-size":"auto","background-attachment":"scroll","background-type":"","background-media":"","overlay-type":"","overlay-color":"","overlay-opacity":"","overlay-gradient":""},"tablet":{"background-color":"var(--ast-global-color-5)","background-image":"","background-repeat":"repeat","background-position":"center center","background-size":"auto","background-attachment":"scroll","background-type":"","background-media":"","overlay-type":"","overlay-color":"","overlay-opacity":"","overlay-gradient":""},"mobile":{"background-color":"var(--ast-global-color-5)","background-image":"","background-repeat":"repeat","background-position":"center center","background-size":"auto","background-attachment":"scroll","background-type":"","background-media":"","overlay-type":"","overlay-color":"","overlay-opacity":"","overlay-gradient":""}}},"product_brand":[],"product_cat":[31],"product_tag":[],"class_list":{"0":"post-3932","1":"product","2":"type-product","3":"status-publish","4":"has-post-thumbnail","6":"product_cat-solventes","7":"desktop-align-center","8":"tablet-align-left","9":"mobile-align-center","10":"ast-product-gallery-layout-horizontal-slider","11":"ast-magnify-disabled","12":"ast-product-tabs-layout-horizontal","14":"first","15":"instock","16":"shipping-taxable","17":"product-type-simple"},"_links":{"self":[{"href":"https:\/\/www.chemichase.com\/es\/wp-json\/wp\/v2\/product\/3932","targetHints":{"allow":["GET"]}}],"collection":[{"href":"https:\/\/www.chemichase.com\/es\/wp-json\/wp\/v2\/product"}],"about":[{"href":"https:\/\/www.chemichase.com\/es\/wp-json\/wp\/v2\/types\/product"}],"wp:featuredmedia":[{"embeddable":true,"href":"https:\/\/www.chemichase.com\/es\/wp-json\/wp\/v2\/media\/3933"}],"wp:attachment":[{"href":"https:\/\/www.chemichase.com\/es\/wp-json\/wp\/v2\/media?parent=3932"}],"wp:term":[{"taxonomy":"product_brand","embeddable":true,"href":"https:\/\/www.chemichase.com\/es\/wp-json\/wp\/v2\/product_brand?post=3932"},{"taxonomy":"product_cat","embeddable":true,"href":"https:\/\/www.chemichase.com\/es\/wp-json\/wp\/v2\/product_cat?post=3932"},{"taxonomy":"product_tag","embeddable":true,"href":"https:\/\/www.chemichase.com\/es\/wp-json\/wp\/v2\/product_tag?post=3932"}],"curies":[{"name":"wp","href":"https:\/\/api.w.org\/{rel}","templated":true}]}}