{"id":3864,"date":"2023-10-24T20:34:34","date_gmt":"2023-10-24T12:34:34","guid":{"rendered":"https:\/\/www.chemichase.com\/es\/?post_type=product&#038;p=3864"},"modified":"2023-12-23T16:34:54","modified_gmt":"2023-12-23T08:34:54","slug":"p-toluenesulfonic-acid","status":"publish","type":"product","link":"https:\/\/www.chemichase.com\/es\/recubrimientos\/p-toluenesulfonic-acid\/","title":{"rendered":"\u00c1cido P-Toluenosulf\u00f3nico"},"content":{"rendered":"<p>Aspecto: Cristales blancos en forma de hojas o columnares.<\/p>\n<p>Punto de ebullici\u00f3n: 116\u00b0C<\/p>\n<p>Solubilidad en agua: soluble<\/p>\n<p>\u00cdndice de refracci\u00f3n: 1,3825-1,3845<\/p>\n<p>Punto de inflamaci\u00f3n: 41\u00b0C<\/p>\n<p>Densidad: 1,07<\/p>\n<p>Uso: Utilizado como reactivo qu\u00edmico, tambi\u00e9n utilizado en tintes, s\u00edntesis org\u00e1nica. Se utiliza como intermediario en medicina, pesticidas, colorantes, etc, tambi\u00e9n se utiliza en detergentes, pl\u00e1sticos, revestimientos y otros aspectos.<\/p>\n<p>&nbsp;<\/p>\n<p>Embalaje: Bolsa de 25 KG, 20TM\/20FCL con paleta; 22TM\/20FCL sin paleta<\/p>\n","protected":false},"excerpt":{"rendered":"<p>CAS NO.: \u00a0104-15-4<\/p>\n<p>F\u00f3rmula molecular: C<sub>7<\/sub>H<sub>8<\/sub>O<sub>3<\/sub>S<\/p>\n","protected":false},"featured_media":3865,"template":"","meta":{"site-sidebar-layout":"default","site-content-layout":"","ast-site-content-layout":"default","site-content-style":"default","site-sidebar-style":"default","ast-global-header-display":"","ast-banner-title-visibility":"","ast-main-header-display":"","ast-hfb-above-header-display":"","ast-hfb-below-header-display":"","ast-hfb-mobile-header-display":"","site-post-title":"","ast-breadcrumbs-content":"","ast-featured-img":"","footer-sml-layout":"","ast-disable-related-posts":"","theme-transparent-header-meta":"default","adv-header-id-meta":"","stick-header-meta":"default","header-above-stick-meta":"","header-main-stick-meta":"","header-below-stick-meta":"","astra-migrate-meta-layouts":"set","ast-page-background-enabled":"default","ast-page-background-meta":{"desktop":{"background-color":"var(--ast-global-color-4)","background-image":"","background-repeat":"repeat","background-position":"center center","background-size":"auto","background-attachment":"scroll","background-type":"","background-media":"","overlay-type":"","overlay-color":"","overlay-opacity":"","overlay-gradient":""},"tablet":{"background-color":"","background-image":"","background-repeat":"repeat","background-position":"center center","background-size":"auto","background-attachment":"scroll","background-type":"","background-media":"","overlay-type":"","overlay-color":"","overlay-opacity":"","overlay-gradient":""},"mobile":{"background-color":"","background-image":"","background-repeat":"repeat","background-position":"center center","background-size":"auto","background-attachment":"scroll","background-type":"","background-media":"","overlay-type":"","overlay-color":"","overlay-opacity":"","overlay-gradient":""}},"ast-content-background-meta":{"desktop":{"background-color":"var(--ast-global-color-5)","background-image":"","background-repeat":"repeat","background-position":"center center","background-size":"auto","background-attachment":"scroll","background-type":"","background-media":"","overlay-type":"","overlay-color":"","overlay-opacity":"","overlay-gradient":""},"tablet":{"background-color":"var(--ast-global-color-5)","background-image":"","background-repeat":"repeat","background-position":"center center","background-size":"auto","background-attachment":"scroll","background-type":"","background-media":"","overlay-type":"","overlay-color":"","overlay-opacity":"","overlay-gradient":""},"mobile":{"background-color":"var(--ast-global-color-5)","background-image":"","background-repeat":"repeat","background-position":"center center","background-size":"auto","background-attachment":"scroll","background-type":"","background-media":"","overlay-type":"","overlay-color":"","overlay-opacity":"","overlay-gradient":""}}},"product_brand":[],"product_cat":[28],"product_tag":[],"class_list":{"0":"post-3864","1":"product","2":"type-product","3":"status-publish","4":"has-post-thumbnail","6":"product_cat-recubrimientos","7":"desktop-align-center","8":"tablet-align-left","9":"mobile-align-center","10":"ast-product-gallery-layout-horizontal-slider","11":"ast-magnify-disabled","12":"ast-product-tabs-layout-horizontal","14":"first","15":"instock","16":"shipping-taxable","17":"product-type-simple"},"_links":{"self":[{"href":"https:\/\/www.chemichase.com\/es\/wp-json\/wp\/v2\/product\/3864","targetHints":{"allow":["GET"]}}],"collection":[{"href":"https:\/\/www.chemichase.com\/es\/wp-json\/wp\/v2\/product"}],"about":[{"href":"https:\/\/www.chemichase.com\/es\/wp-json\/wp\/v2\/types\/product"}],"wp:featuredmedia":[{"embeddable":true,"href":"https:\/\/www.chemichase.com\/es\/wp-json\/wp\/v2\/media\/3865"}],"wp:attachment":[{"href":"https:\/\/www.chemichase.com\/es\/wp-json\/wp\/v2\/media?parent=3864"}],"wp:term":[{"taxonomy":"product_brand","embeddable":true,"href":"https:\/\/www.chemichase.com\/es\/wp-json\/wp\/v2\/product_brand?post=3864"},{"taxonomy":"product_cat","embeddable":true,"href":"https:\/\/www.chemichase.com\/es\/wp-json\/wp\/v2\/product_cat?post=3864"},{"taxonomy":"product_tag","embeddable":true,"href":"https:\/\/www.chemichase.com\/es\/wp-json\/wp\/v2\/product_tag?post=3864"}],"curies":[{"name":"wp","href":"https:\/\/api.w.org\/{rel}","templated":true}]}}