{"id":3782,"date":"2023-10-24T15:03:24","date_gmt":"2023-10-24T07:03:24","guid":{"rendered":"https:\/\/www.chemichase.com\/es\/?post_type=product&#038;p=3782"},"modified":"2023-12-18T11:30:33","modified_gmt":"2023-12-18T03:30:33","slug":"chloroacetic-acid","status":"publish","type":"product","link":"https:\/\/www.chemichase.com\/es\/otros\/chloroacetic-acid\/","title":{"rendered":"\u00c1cido Cloroac\u00e9tico"},"content":{"rendered":"<div class=\"desc\">\n<p>Apariencia: polvo cristalino blanco<\/p>\n<p>Densidad: 1,58 G \/ cm3<\/p>\n<p>Punto de ebullici\u00f3n: 189 \u00b0 C<\/p>\n<p>Punto de inflamaci\u00f3n: 71,5 \u00b0 C<\/p>\n<p>&nbsp;<\/p>\n<p>Uso: para la determinaci\u00f3n de zinc, calcio, silicio y titanio. S\u00edntesis de cafe\u00edna, adrenalina, \u00e1cido aminoac\u00e9tico y \u00e1cido naftoac\u00e9tico. Producci\u00f3n de varios tintes. Eliminador de \u00f3xido.<\/p>\n<p>&nbsp;<\/p>\n<p>Se utiliza para la preparaci\u00f3n de pesticidas y como intermediarios en la s\u00edntesis org\u00e1nica. Acidificante utilizado como adhesivo de almid\u00f3n. Tambi\u00e9n es un intermediario de tintes, medicamentos, pesticidas, resina sint\u00e9tica y otros materiales sint\u00e9ticos org\u00e1nicos.<\/p>\n<p>&nbsp;<\/p>\n<p>Se utiliza en la producci\u00f3n de tintes \u00edndigo en la industria de tintes. El \u00e1cido cloroac\u00e9tico tambi\u00e9n es un importante agente de carboximetilaci\u00f3n, que se utiliza para la preparaci\u00f3n de CMC na, edta, etc., as\u00ed como como como agente de flotaci\u00f3n de metales no ferrosos y reactivo de an\u00e1lisis cromatogr\u00e1fico.<\/p>\n<p>&nbsp;<\/p>\n<p>Embalaje: bolsa de 25kg, 21TM\/ 20FCL<\/p>\n<\/div>\n","protected":false},"excerpt":{"rendered":"<p>CAS NO.: 79-11-8<\/p>\n<p>F\u00f3rmula molecular: ClCH2COOH<\/p>\n","protected":false},"featured_media":3783,"template":"","meta":{"site-sidebar-layout":"default","site-content-layout":"","ast-site-content-layout":"default","site-content-style":"default","site-sidebar-style":"default","ast-global-header-display":"","ast-banner-title-visibility":"","ast-main-header-display":"","ast-hfb-above-header-display":"","ast-hfb-below-header-display":"","ast-hfb-mobile-header-display":"","site-post-title":"","ast-breadcrumbs-content":"","ast-featured-img":"","footer-sml-layout":"","ast-disable-related-posts":"","theme-transparent-header-meta":"default","adv-header-id-meta":"","stick-header-meta":"default","header-above-stick-meta":"","header-main-stick-meta":"","header-below-stick-meta":"","astra-migrate-meta-layouts":"set","ast-page-background-enabled":"default","ast-page-background-meta":{"desktop":{"background-color":"var(--ast-global-color-4)","background-image":"","background-repeat":"repeat","background-position":"center center","background-size":"auto","background-attachment":"scroll","background-type":"","background-media":"","overlay-type":"","overlay-color":"","overlay-opacity":"","overlay-gradient":""},"tablet":{"background-color":"","background-image":"","background-repeat":"repeat","background-position":"center center","background-size":"auto","background-attachment":"scroll","background-type":"","background-media":"","overlay-type":"","overlay-color":"","overlay-opacity":"","overlay-gradient":""},"mobile":{"background-color":"","background-image":"","background-repeat":"repeat","background-position":"center center","background-size":"auto","background-attachment":"scroll","background-type":"","background-media":"","overlay-type":"","overlay-color":"","overlay-opacity":"","overlay-gradient":""}},"ast-content-background-meta":{"desktop":{"background-color":"var(--ast-global-color-5)","background-image":"","background-repeat":"repeat","background-position":"center center","background-size":"auto","background-attachment":"scroll","background-type":"","background-media":"","overlay-type":"","overlay-color":"","overlay-opacity":"","overlay-gradient":""},"tablet":{"background-color":"var(--ast-global-color-5)","background-image":"","background-repeat":"repeat","background-position":"center center","background-size":"auto","background-attachment":"scroll","background-type":"","background-media":"","overlay-type":"","overlay-color":"","overlay-opacity":"","overlay-gradient":""},"mobile":{"background-color":"var(--ast-global-color-5)","background-image":"","background-repeat":"repeat","background-position":"center center","background-size":"auto","background-attachment":"scroll","background-type":"","background-media":"","overlay-type":"","overlay-color":"","overlay-opacity":"","overlay-gradient":""}}},"product_brand":[],"product_cat":[36],"product_tag":[],"class_list":{"0":"post-3782","1":"product","2":"type-product","3":"status-publish","4":"has-post-thumbnail","6":"product_cat-otros","7":"desktop-align-center","8":"tablet-align-left","9":"mobile-align-center","10":"ast-product-gallery-layout-horizontal-slider","11":"ast-magnify-disabled","12":"ast-product-tabs-layout-horizontal","14":"first","15":"instock","16":"shipping-taxable","17":"product-type-simple"},"_links":{"self":[{"href":"https:\/\/www.chemichase.com\/es\/wp-json\/wp\/v2\/product\/3782","targetHints":{"allow":["GET"]}}],"collection":[{"href":"https:\/\/www.chemichase.com\/es\/wp-json\/wp\/v2\/product"}],"about":[{"href":"https:\/\/www.chemichase.com\/es\/wp-json\/wp\/v2\/types\/product"}],"wp:featuredmedia":[{"embeddable":true,"href":"https:\/\/www.chemichase.com\/es\/wp-json\/wp\/v2\/media\/3783"}],"wp:attachment":[{"href":"https:\/\/www.chemichase.com\/es\/wp-json\/wp\/v2\/media?parent=3782"}],"wp:term":[{"taxonomy":"product_brand","embeddable":true,"href":"https:\/\/www.chemichase.com\/es\/wp-json\/wp\/v2\/product_brand?post=3782"},{"taxonomy":"product_cat","embeddable":true,"href":"https:\/\/www.chemichase.com\/es\/wp-json\/wp\/v2\/product_cat?post=3782"},{"taxonomy":"product_tag","embeddable":true,"href":"https:\/\/www.chemichase.com\/es\/wp-json\/wp\/v2\/product_tag?post=3782"}],"curies":[{"name":"wp","href":"https:\/\/api.w.org\/{rel}","templated":true}]}}