{"id":3775,"date":"2023-10-24T14:13:45","date_gmt":"2023-10-24T06:13:45","guid":{"rendered":"https:\/\/www.chemichase.com\/es\/?post_type=product&#038;p=3775"},"modified":"2023-12-08T10:19:21","modified_gmt":"2023-12-08T02:19:21","slug":"polyvinyl-alcoholpva","status":"publish","type":"product","link":"https:\/\/www.chemichase.com\/es\/plastico\/polyvinyl-alcoholpva\/","title":{"rendered":"Alcohol Polivin\u00edlico (PVA)"},"content":{"rendered":"<p>Pureza: \u2265\u00a093,5%<\/p>\n<p>Apariencia: l\u00e1minas s\u00f3lidas blancas o amarillas p\u00e1lidas<\/p>\n<p>Densidad: 0,8 \u00b1 0,1 g \/ cm3<\/p>\n<p>Punto de ebullici\u00f3n: 23,5 \u00b1 13,0 \u00b0 C a 760 mm de mercurio<\/p>\n<p>Punto de fusi\u00f3n: 230 &#8211; 240 \u00b0 C<\/p>\n<p>&nbsp;<\/p>\n<p>Uso: para la producci\u00f3n de acetal de polivinilo, tuber\u00edas resistentes a la gasolina y fibras sint\u00e9ticas de vinilo, agentes de tratamiento de tejidos, emulsionantes, recubrimientos de papel, adhesivos y otras industrias textiles.<\/p>\n<p>&nbsp;<\/p>\n<p>Embalaje: 25KG\/bolsa.<\/p>\n<p>18TM\/20FCL sin palet, 15TM\/20FCL\/con palet<\/p>\n<p>26TM\/40FCL sin palet, 25.6TM\/40FCL con palet<\/p>\n","protected":false},"excerpt":{"rendered":"<p>CAS No.: 9002-89-5<\/p>\n<p>F\u00f3rmula molecular: C2H4O<\/p>\n","protected":false},"featured_media":3776,"template":"","meta":{"site-sidebar-layout":"default","site-content-layout":"","ast-site-content-layout":"default","site-content-style":"default","site-sidebar-style":"default","ast-global-header-display":"","ast-banner-title-visibility":"","ast-main-header-display":"","ast-hfb-above-header-display":"","ast-hfb-below-header-display":"","ast-hfb-mobile-header-display":"","site-post-title":"","ast-breadcrumbs-content":"","ast-featured-img":"","footer-sml-layout":"","ast-disable-related-posts":"","theme-transparent-header-meta":"default","adv-header-id-meta":"","stick-header-meta":"default","header-above-stick-meta":"","header-main-stick-meta":"","header-below-stick-meta":"","astra-migrate-meta-layouts":"set","ast-page-background-enabled":"default","ast-page-background-meta":{"desktop":{"background-color":"var(--ast-global-color-4)","background-image":"","background-repeat":"repeat","background-position":"center center","background-size":"auto","background-attachment":"scroll","background-type":"","background-media":"","overlay-type":"","overlay-color":"","overlay-opacity":"","overlay-gradient":""},"tablet":{"background-color":"","background-image":"","background-repeat":"repeat","background-position":"center center","background-size":"auto","background-attachment":"scroll","background-type":"","background-media":"","overlay-type":"","overlay-color":"","overlay-opacity":"","overlay-gradient":""},"mobile":{"background-color":"","background-image":"","background-repeat":"repeat","background-position":"center center","background-size":"auto","background-attachment":"scroll","background-type":"","background-media":"","overlay-type":"","overlay-color":"","overlay-opacity":"","overlay-gradient":""}},"ast-content-background-meta":{"desktop":{"background-color":"var(--ast-global-color-5)","background-image":"","background-repeat":"repeat","background-position":"center center","background-size":"auto","background-attachment":"scroll","background-type":"","background-media":"","overlay-type":"","overlay-color":"","overlay-opacity":"","overlay-gradient":""},"tablet":{"background-color":"var(--ast-global-color-5)","background-image":"","background-repeat":"repeat","background-position":"center center","background-size":"auto","background-attachment":"scroll","background-type":"","background-media":"","overlay-type":"","overlay-color":"","overlay-opacity":"","overlay-gradient":""},"mobile":{"background-color":"var(--ast-global-color-5)","background-image":"","background-repeat":"repeat","background-position":"center center","background-size":"auto","background-attachment":"scroll","background-type":"","background-media":"","overlay-type":"","overlay-color":"","overlay-opacity":"","overlay-gradient":""}}},"product_brand":[],"product_cat":[35],"product_tag":[],"class_list":{"0":"post-3775","1":"product","2":"type-product","3":"status-publish","4":"has-post-thumbnail","6":"product_cat-plastico","7":"desktop-align-center","8":"tablet-align-left","9":"mobile-align-center","10":"ast-product-gallery-layout-horizontal-slider","11":"ast-magnify-disabled","12":"ast-product-tabs-layout-horizontal","14":"first","15":"instock","16":"shipping-taxable","17":"product-type-simple"},"_links":{"self":[{"href":"https:\/\/www.chemichase.com\/es\/wp-json\/wp\/v2\/product\/3775","targetHints":{"allow":["GET"]}}],"collection":[{"href":"https:\/\/www.chemichase.com\/es\/wp-json\/wp\/v2\/product"}],"about":[{"href":"https:\/\/www.chemichase.com\/es\/wp-json\/wp\/v2\/types\/product"}],"wp:featuredmedia":[{"embeddable":true,"href":"https:\/\/www.chemichase.com\/es\/wp-json\/wp\/v2\/media\/3776"}],"wp:attachment":[{"href":"https:\/\/www.chemichase.com\/es\/wp-json\/wp\/v2\/media?parent=3775"}],"wp:term":[{"taxonomy":"product_brand","embeddable":true,"href":"https:\/\/www.chemichase.com\/es\/wp-json\/wp\/v2\/product_brand?post=3775"},{"taxonomy":"product_cat","embeddable":true,"href":"https:\/\/www.chemichase.com\/es\/wp-json\/wp\/v2\/product_cat?post=3775"},{"taxonomy":"product_tag","embeddable":true,"href":"https:\/\/www.chemichase.com\/es\/wp-json\/wp\/v2\/product_tag?post=3775"}],"curies":[{"name":"wp","href":"https:\/\/api.w.org\/{rel}","templated":true}]}}