{"id":3734,"date":"2023-10-23T10:19:48","date_gmt":"2023-10-23T02:19:48","guid":{"rendered":"https:\/\/www.chemichase.com\/es\/?post_type=product&#038;p=3734"},"modified":"2023-12-22T15:21:44","modified_gmt":"2023-12-22T07:21:44","slug":"polyacrylamidepam","status":"publish","type":"product","link":"https:\/\/www.chemichase.com\/es\/tratamiento-de-aguas\/polyacrylamidepam\/","title":{"rendered":"Poliacrilamida (PAM)"},"content":{"rendered":"<p>Apariencia: Polvo blanco<\/p>\n<p>Peso molecular (millones) 5-810-258-12<\/p>\n<p>Contenido de s\u00f3lidos,%\u226588,0\u226588,0\u226588,0<\/p>\n<p>Grado de hidr\u00f3lisis,%\u22645,0 5-100 \u2014<\/p>\n<p>Grado cati\u00f3nico\u2014-5-60<\/p>\n<p>Apariencia: Polvo blanco<\/p>\n<p>Peso molecular, (millones) 5-810-258-12<\/p>\n<p>Contenido de s\u00f3lidos,%\u226588,0\u226588,0\u226588,0<\/p>\n<p>Grado de hidr\u00f3lisis,%\u22645,0 5-100 \u2014<\/p>\n<p>Grado cati\u00f3nico\u2014-5-60<\/p>\n<p>Tiempo de disoluci\u00f3n, h\u22641,5 \u22641,0 \u22641,0<\/p>\n<p>Tipo de emulsi\u00f3n: Emulsi\u00f3n agua en aceite, Emulsi\u00f3n dispersable en agua<\/p>\n<p>Apariencia: L\u00edquidos canarios; L\u00edquidos blancos lechosos<\/p>\n<p>Peso molecular, (millones) 3-83-20<\/p>\n<p>Contenido de s\u00f3lidos, %25-50\u226525<\/p>\n<p>Tiempo de disoluci\u00f3n, min 10-15 10-15<\/p>\n<p>Tipo i\u00f3nico: Noni\u00f3nico\\ Ani\u00f3n\\ Cati\u00f3nNoni\u00f3nico\\ Ani\u00f3n\\ Cati\u00f3n<\/p>\n<p>&nbsp;<\/p>\n<p>Uso del producto:<\/p>\n<p>Para el tratamiento de aguas residuales industriales y municipales, eliminaci\u00f3n efectiva de partes org\u00e1nicas de las aguas residuales; se utiliza para la separaci\u00f3n s\u00f3lido-l\u00edquido, purificaci\u00f3n de agua, floculaci\u00f3n y sedimentaci\u00f3n, deshidrataci\u00f3n de lodos en industrias qu\u00edmicas, de fabricaci\u00f3n de papel, de impresi\u00f3n y te\u00f1ido.<\/p>\n<p>&nbsp;<\/p>\n<p>Embalaje:<\/p>\n<p>El producto en s\u00f3lido se envasa en bolsas de papel kraft blanca o amarilla con revestimiento de PE, 25 kg\/50 kg\/1000 kg, o seg\u00fan los requisitos del cliente.<\/p>\n<p>El producto en emulsi\u00f3n se envasa en tanques IBC, tanques flexibles o seg\u00fan los requisitos del cliente.<\/p>\n","protected":false},"excerpt":{"rendered":"<p>CAS NO.: 9003-05-8<\/p>\n<p>F\u00f3rmula molecular: C3H5NO<\/p>\n","protected":false},"featured_media":3735,"template":"","meta":{"site-sidebar-layout":"default","site-content-layout":"","ast-site-content-layout":"default","site-content-style":"default","site-sidebar-style":"default","ast-global-header-display":"","ast-banner-title-visibility":"","ast-main-header-display":"","ast-hfb-above-header-display":"","ast-hfb-below-header-display":"","ast-hfb-mobile-header-display":"","site-post-title":"","ast-breadcrumbs-content":"","ast-featured-img":"","footer-sml-layout":"","ast-disable-related-posts":"","theme-transparent-header-meta":"default","adv-header-id-meta":"","stick-header-meta":"default","header-above-stick-meta":"","header-main-stick-meta":"","header-below-stick-meta":"","astra-migrate-meta-layouts":"set","ast-page-background-enabled":"default","ast-page-background-meta":{"desktop":{"background-color":"var(--ast-global-color-4)","background-image":"","background-repeat":"repeat","background-position":"center center","background-size":"auto","background-attachment":"scroll","background-type":"","background-media":"","overlay-type":"","overlay-color":"","overlay-opacity":"","overlay-gradient":""},"tablet":{"background-color":"","background-image":"","background-repeat":"repeat","background-position":"center center","background-size":"auto","background-attachment":"scroll","background-type":"","background-media":"","overlay-type":"","overlay-color":"","overlay-opacity":"","overlay-gradient":""},"mobile":{"background-color":"","background-image":"","background-repeat":"repeat","background-position":"center center","background-size":"auto","background-attachment":"scroll","background-type":"","background-media":"","overlay-type":"","overlay-color":"","overlay-opacity":"","overlay-gradient":""}},"ast-content-background-meta":{"desktop":{"background-color":"var(--ast-global-color-5)","background-image":"","background-repeat":"repeat","background-position":"center center","background-size":"auto","background-attachment":"scroll","background-type":"","background-media":"","overlay-type":"","overlay-color":"","overlay-opacity":"","overlay-gradient":""},"tablet":{"background-color":"var(--ast-global-color-5)","background-image":"","background-repeat":"repeat","background-position":"center center","background-size":"auto","background-attachment":"scroll","background-type":"","background-media":"","overlay-type":"","overlay-color":"","overlay-opacity":"","overlay-gradient":""},"mobile":{"background-color":"var(--ast-global-color-5)","background-image":"","background-repeat":"repeat","background-position":"center center","background-size":"auto","background-attachment":"scroll","background-type":"","background-media":"","overlay-type":"","overlay-color":"","overlay-opacity":"","overlay-gradient":""}}},"product_brand":[],"product_cat":[33],"product_tag":[],"class_list":{"0":"post-3734","1":"product","2":"type-product","3":"status-publish","4":"has-post-thumbnail","6":"product_cat-tratamiento-de-aguas","7":"desktop-align-center","8":"tablet-align-left","9":"mobile-align-center","10":"ast-product-gallery-layout-horizontal-slider","11":"ast-magnify-disabled","12":"ast-product-tabs-layout-horizontal","14":"first","15":"instock","16":"shipping-taxable","17":"product-type-simple"},"_links":{"self":[{"href":"https:\/\/www.chemichase.com\/es\/wp-json\/wp\/v2\/product\/3734","targetHints":{"allow":["GET"]}}],"collection":[{"href":"https:\/\/www.chemichase.com\/es\/wp-json\/wp\/v2\/product"}],"about":[{"href":"https:\/\/www.chemichase.com\/es\/wp-json\/wp\/v2\/types\/product"}],"wp:featuredmedia":[{"embeddable":true,"href":"https:\/\/www.chemichase.com\/es\/wp-json\/wp\/v2\/media\/3735"}],"wp:attachment":[{"href":"https:\/\/www.chemichase.com\/es\/wp-json\/wp\/v2\/media?parent=3734"}],"wp:term":[{"taxonomy":"product_brand","embeddable":true,"href":"https:\/\/www.chemichase.com\/es\/wp-json\/wp\/v2\/product_brand?post=3734"},{"taxonomy":"product_cat","embeddable":true,"href":"https:\/\/www.chemichase.com\/es\/wp-json\/wp\/v2\/product_cat?post=3734"},{"taxonomy":"product_tag","embeddable":true,"href":"https:\/\/www.chemichase.com\/es\/wp-json\/wp\/v2\/product_tag?post=3734"}],"curies":[{"name":"wp","href":"https:\/\/api.w.org\/{rel}","templated":true}]}}