{"id":3727,"date":"2023-10-23T09:17:28","date_gmt":"2023-10-23T01:17:28","guid":{"rendered":"https:\/\/www.chemichase.com\/es\/?post_type=product&#038;p=3727"},"modified":"2023-12-08T09:07:02","modified_gmt":"2023-12-08T01:07:02","slug":"mdi","status":"publish","type":"product","link":"https:\/\/www.chemichase.com\/es\/poliuretano\/mdi\/","title":{"rendered":"MDI"},"content":{"rendered":"<p>Introducci\u00f3n al MDI (isocianato):<\/p>\n<p>Cosmonate M-200 es un MDI polim\u00e9rico, generalmente utilizado en la fabricaci\u00f3n de espuma de poliuretano dura y semidura. Cosmonate M-200 se licua a temperatura normal y se manipula y almacena f\u00e1cilmente hasta -20\u00baC. Es una forma sin disolventes con una funci\u00f3n org\u00e1nica promedio de 2,7.\u00a0Cuando se mezcla con el mon\u00f3mero MDI de 4,4-difenilmetano diisociante y su olig\u00f3mero por encima de d\u00edmero, tr\u00edmero y tetr\u00e1mero, la viscosidad m\u00e1xima es 125 cps(25\u00baC) .<\/p>\n<p>&nbsp;<\/p>\n<p>Aplicaci\u00f3n de MDI:<\/p>\n<p>Los isocianatos MDI tienen una amplia aplicaci\u00f3n en la mayor\u00eda de los campos, como espuma r\u00edgida de aislamiento t\u00e9rmico, revestimiento de PU, adhesivo de PU, impermeabilizaci\u00f3n de filtraciones, espuma estructural, parachoques de autom\u00f3viles, alta resiliencia, etc.<\/p>\n<p>&nbsp;<\/p>\n<p>Embalaje: 200 KG\/Tambor, 16TM\/20FCL<\/p>\n<p>&nbsp;<\/p>\n<p>Tiempo de env\u00edo: dentro de los 15 d\u00edas h\u00e1biles posteriores a la realizaci\u00f3n del pedido.<\/p>\n","protected":false},"excerpt":{"rendered":"<div>\n<p>CAS NO: 101-68-8<\/p>\n<p>F\u00f3rmula molecular: C15H10N2O2<\/p>\n<\/div>\n","protected":false},"featured_media":5315,"template":"","meta":{"site-sidebar-layout":"default","site-content-layout":"","ast-site-content-layout":"default","site-content-style":"default","site-sidebar-style":"default","ast-global-header-display":"","ast-banner-title-visibility":"","ast-main-header-display":"","ast-hfb-above-header-display":"","ast-hfb-below-header-display":"","ast-hfb-mobile-header-display":"","site-post-title":"","ast-breadcrumbs-content":"","ast-featured-img":"","footer-sml-layout":"","ast-disable-related-posts":"","theme-transparent-header-meta":"default","adv-header-id-meta":"","stick-header-meta":"default","header-above-stick-meta":"","header-main-stick-meta":"","header-below-stick-meta":"","astra-migrate-meta-layouts":"set","ast-page-background-enabled":"default","ast-page-background-meta":{"desktop":{"background-color":"var(--ast-global-color-4)","background-image":"","background-repeat":"repeat","background-position":"center center","background-size":"auto","background-attachment":"scroll","background-type":"","background-media":"","overlay-type":"","overlay-color":"","overlay-opacity":"","overlay-gradient":""},"tablet":{"background-color":"","background-image":"","background-repeat":"repeat","background-position":"center center","background-size":"auto","background-attachment":"scroll","background-type":"","background-media":"","overlay-type":"","overlay-color":"","overlay-opacity":"","overlay-gradient":""},"mobile":{"background-color":"","background-image":"","background-repeat":"repeat","background-position":"center center","background-size":"auto","background-attachment":"scroll","background-type":"","background-media":"","overlay-type":"","overlay-color":"","overlay-opacity":"","overlay-gradient":""}},"ast-content-background-meta":{"desktop":{"background-color":"var(--ast-global-color-5)","background-image":"","background-repeat":"repeat","background-position":"center center","background-size":"auto","background-attachment":"scroll","background-type":"","background-media":"","overlay-type":"","overlay-color":"","overlay-opacity":"","overlay-gradient":""},"tablet":{"background-color":"var(--ast-global-color-5)","background-image":"","background-repeat":"repeat","background-position":"center center","background-size":"auto","background-attachment":"scroll","background-type":"","background-media":"","overlay-type":"","overlay-color":"","overlay-opacity":"","overlay-gradient":""},"mobile":{"background-color":"var(--ast-global-color-5)","background-image":"","background-repeat":"repeat","background-position":"center center","background-size":"auto","background-attachment":"scroll","background-type":"","background-media":"","overlay-type":"","overlay-color":"","overlay-opacity":"","overlay-gradient":""}}},"product_brand":[],"product_cat":[32],"product_tag":[],"class_list":{"0":"post-3727","1":"product","2":"type-product","3":"status-publish","4":"has-post-thumbnail","6":"product_cat-poliuretano","7":"desktop-align-center","8":"tablet-align-left","9":"mobile-align-center","10":"ast-product-gallery-layout-horizontal-slider","11":"ast-magnify-disabled","12":"ast-product-tabs-layout-horizontal","14":"first","15":"instock","16":"shipping-taxable","17":"product-type-simple"},"_links":{"self":[{"href":"https:\/\/www.chemichase.com\/es\/wp-json\/wp\/v2\/product\/3727","targetHints":{"allow":["GET"]}}],"collection":[{"href":"https:\/\/www.chemichase.com\/es\/wp-json\/wp\/v2\/product"}],"about":[{"href":"https:\/\/www.chemichase.com\/es\/wp-json\/wp\/v2\/types\/product"}],"wp:featuredmedia":[{"embeddable":true,"href":"https:\/\/www.chemichase.com\/es\/wp-json\/wp\/v2\/media\/5315"}],"wp:attachment":[{"href":"https:\/\/www.chemichase.com\/es\/wp-json\/wp\/v2\/media?parent=3727"}],"wp:term":[{"taxonomy":"product_brand","embeddable":true,"href":"https:\/\/www.chemichase.com\/es\/wp-json\/wp\/v2\/product_brand?post=3727"},{"taxonomy":"product_cat","embeddable":true,"href":"https:\/\/www.chemichase.com\/es\/wp-json\/wp\/v2\/product_cat?post=3727"},{"taxonomy":"product_tag","embeddable":true,"href":"https:\/\/www.chemichase.com\/es\/wp-json\/wp\/v2\/product_tag?post=3727"}],"curies":[{"name":"wp","href":"https:\/\/api.w.org\/{rel}","templated":true}]}}