{"id":3725,"date":"2023-10-23T09:07:42","date_gmt":"2023-10-23T01:07:42","guid":{"rendered":"https:\/\/www.chemichase.com\/es\/?post_type=product&#038;p=3725"},"modified":"2023-12-08T10:44:21","modified_gmt":"2023-12-08T02:44:21","slug":"tdi-80-20","status":"publish","type":"product","link":"https:\/\/www.chemichase.com\/es\/poliuretano\/tdi-80-20\/","title":{"rendered":"TDI 80\/20"},"content":{"rendered":"<p>Caracter\u00edsticas y aplicaciones:<\/p>\n<p>TDI pertenece a los productos de isocianato, que se usa ampliamente en la producci\u00f3n de elast\u00f3meros de poliuretano, recubrimientos de poliuretano de alta calidad y otras industrias. Es un producto de \u00e9ster de isocianato, puede reemplazar todo o parte del T80, puede mejorar la carga de compresi\u00f3n del producto, es ampliamente Se utiliza en la producci\u00f3n de espuma blanda a base de poli\u00e9ster, esponjas de alta resistencia, espuma de \u00e9ster semirr\u00edgida, alta resiliencia, rebote lento, pintura y otras industrias.<\/p>\n<p>&nbsp;<\/p>\n<p>Almacenamiento\/transporte:<\/p>\n<p>El TDI debe almacenarse en un sello de nitr\u00f3geno seco, un s\u00edmbolo del contenedor de metal y el contenedor colocado en un lugar fresco y ventilado, lejos del calor, el fuego y las mercanc\u00edas peligrosas. La temperatura de almacenamiento no supera los 45 \u00b0C. No lo caliente directamente con fuego o recipientes de vapor, se puede colocarlos en el aire caliente y se derrita de forma natural. Se debe evitar la luz solar y la lluvia durante el transporte.<\/p>\n<p>&nbsp;<\/p>\n<p>Al usar TDI, evite la inhalaci\u00f3n, el contacto con la piel o el vapor o la ingesti\u00f3n.<\/p>\n<p>&nbsp;<\/p>\n<p>Uso:<\/p>\n<p>El TDI es un isocianato arom\u00e1tico, un precursor de los poliuretanos (PU) que se utiliza principalmente para fabricar espumas flexibles y se produce para reaccionar con polioles para formar poliuretanos.<\/p>\n<p>&nbsp;<\/p>\n<p>Embalaje:<\/p>\n<p>250KG\/Tambor de hierro, 20TM\/20&#8217;FCL<\/p>\n","protected":false},"excerpt":{"rendered":"<div>\n<p>N\u00ba CAS: 26471-62-5<\/p>\n<p>F\u00f3rmula molecular: C9H6N2O2<\/p>\n<\/div>\n","protected":false},"featured_media":5314,"template":"","meta":{"site-sidebar-layout":"default","site-content-layout":"","ast-site-content-layout":"default","site-content-style":"default","site-sidebar-style":"default","ast-global-header-display":"","ast-banner-title-visibility":"","ast-main-header-display":"","ast-hfb-above-header-display":"","ast-hfb-below-header-display":"","ast-hfb-mobile-header-display":"","site-post-title":"","ast-breadcrumbs-content":"","ast-featured-img":"","footer-sml-layout":"","ast-disable-related-posts":"","theme-transparent-header-meta":"default","adv-header-id-meta":"","stick-header-meta":"default","header-above-stick-meta":"","header-main-stick-meta":"","header-below-stick-meta":"","astra-migrate-meta-layouts":"set","ast-page-background-enabled":"default","ast-page-background-meta":{"desktop":{"background-color":"var(--ast-global-color-4)","background-image":"","background-repeat":"repeat","background-position":"center center","background-size":"auto","background-attachment":"scroll","background-type":"","background-media":"","overlay-type":"","overlay-color":"","overlay-opacity":"","overlay-gradient":""},"tablet":{"background-color":"","background-image":"","background-repeat":"repeat","background-position":"center center","background-size":"auto","background-attachment":"scroll","background-type":"","background-media":"","overlay-type":"","overlay-color":"","overlay-opacity":"","overlay-gradient":""},"mobile":{"background-color":"","background-image":"","background-repeat":"repeat","background-position":"center center","background-size":"auto","background-attachment":"scroll","background-type":"","background-media":"","overlay-type":"","overlay-color":"","overlay-opacity":"","overlay-gradient":""}},"ast-content-background-meta":{"desktop":{"background-color":"var(--ast-global-color-5)","background-image":"","background-repeat":"repeat","background-position":"center center","background-size":"auto","background-attachment":"scroll","background-type":"","background-media":"","overlay-type":"","overlay-color":"","overlay-opacity":"","overlay-gradient":""},"tablet":{"background-color":"var(--ast-global-color-5)","background-image":"","background-repeat":"repeat","background-position":"center center","background-size":"auto","background-attachment":"scroll","background-type":"","background-media":"","overlay-type":"","overlay-color":"","overlay-opacity":"","overlay-gradient":""},"mobile":{"background-color":"var(--ast-global-color-5)","background-image":"","background-repeat":"repeat","background-position":"center center","background-size":"auto","background-attachment":"scroll","background-type":"","background-media":"","overlay-type":"","overlay-color":"","overlay-opacity":"","overlay-gradient":""}}},"product_brand":[],"product_cat":[32],"product_tag":[],"class_list":{"0":"post-3725","1":"product","2":"type-product","3":"status-publish","4":"has-post-thumbnail","6":"product_cat-poliuretano","7":"desktop-align-center","8":"tablet-align-left","9":"mobile-align-center","10":"ast-product-gallery-layout-horizontal-slider","11":"ast-magnify-disabled","12":"ast-product-tabs-layout-horizontal","14":"first","15":"instock","16":"shipping-taxable","17":"product-type-simple"},"_links":{"self":[{"href":"https:\/\/www.chemichase.com\/es\/wp-json\/wp\/v2\/product\/3725","targetHints":{"allow":["GET"]}}],"collection":[{"href":"https:\/\/www.chemichase.com\/es\/wp-json\/wp\/v2\/product"}],"about":[{"href":"https:\/\/www.chemichase.com\/es\/wp-json\/wp\/v2\/types\/product"}],"wp:featuredmedia":[{"embeddable":true,"href":"https:\/\/www.chemichase.com\/es\/wp-json\/wp\/v2\/media\/5314"}],"wp:attachment":[{"href":"https:\/\/www.chemichase.com\/es\/wp-json\/wp\/v2\/media?parent=3725"}],"wp:term":[{"taxonomy":"product_brand","embeddable":true,"href":"https:\/\/www.chemichase.com\/es\/wp-json\/wp\/v2\/product_brand?post=3725"},{"taxonomy":"product_cat","embeddable":true,"href":"https:\/\/www.chemichase.com\/es\/wp-json\/wp\/v2\/product_cat?post=3725"},{"taxonomy":"product_tag","embeddable":true,"href":"https:\/\/www.chemichase.com\/es\/wp-json\/wp\/v2\/product_tag?post=3725"}],"curies":[{"name":"wp","href":"https:\/\/api.w.org\/{rel}","templated":true}]}}