{"id":3723,"date":"2023-10-23T08:53:14","date_gmt":"2023-10-23T00:53:14","guid":{"rendered":"https:\/\/www.chemichase.com\/es\/?post_type=product&#038;p=3723"},"modified":"2023-12-08T09:59:49","modified_gmt":"2023-12-08T01:59:49","slug":"combined-polyether","status":"publish","type":"product","link":"https:\/\/www.chemichase.com\/es\/poliuretano\/combined-polyether\/","title":{"rendered":"Poli\u00e9ter Poliol"},"content":{"rendered":"<p>Punto de fusi\u00f3n: 57-61 \u00b0C<\/p>\n<p>Punto de ebullici\u00f3n: &gt;200 \u00b0C(lit.)<\/p>\n<p>Densidad: 1,095 g\/mL a 25 \u00b0C<\/p>\n<p>\u00cdndice de refracci\u00f3n: n20\/D es 1,466<\/p>\n<p>Punto de inflamaci\u00f3n: &gt; 230 \u00b0F<\/p>\n<p>&nbsp;<\/p>\n<p>Uso: Los productos de la serie poli\u00e9ter poliol se utilizan principalmente para la preparaci\u00f3n de espuma de poliuretano r\u00edgida, que se usa ampliamente en refrigeradores, congeladores, camiones refrigerados, paneles de aislamiento t\u00e9rmico, aislamiento de tuber\u00edas y otros campos. El producto preparado tiene baja conductividad t\u00e9rmica y buena estabilidad dimensional, y tambi\u00e9n es una materia prima importante para la preparaci\u00f3n de poli\u00e9ter combinado.<\/p>\n<p>&nbsp;<\/p>\n<p>Embalaje: 200KG\/Tambor, \u00a0total 16TM\/20FCL<\/p>\n<p>1000KG\/Tanque IBC, 20TM\/20FCL<\/p>\n<p>Bolsa flexible, 22-23TM\/20FCL<\/p>\n","protected":false},"excerpt":{"rendered":"<p>CAS NO.: 9003-11-6<\/p>\n<p>F\u00f3rmula molecular:\u00a0C5H10O2<\/p>\n","protected":false},"featured_media":3724,"template":"","meta":{"site-sidebar-layout":"default","site-content-layout":"","ast-site-content-layout":"default","site-content-style":"default","site-sidebar-style":"default","ast-global-header-display":"","ast-banner-title-visibility":"","ast-main-header-display":"","ast-hfb-above-header-display":"","ast-hfb-below-header-display":"","ast-hfb-mobile-header-display":"","site-post-title":"","ast-breadcrumbs-content":"","ast-featured-img":"","footer-sml-layout":"","ast-disable-related-posts":"","theme-transparent-header-meta":"default","adv-header-id-meta":"","stick-header-meta":"default","header-above-stick-meta":"","header-main-stick-meta":"","header-below-stick-meta":"","astra-migrate-meta-layouts":"set","ast-page-background-enabled":"default","ast-page-background-meta":{"desktop":{"background-color":"var(--ast-global-color-4)","background-image":"","background-repeat":"repeat","background-position":"center center","background-size":"auto","background-attachment":"scroll","background-type":"","background-media":"","overlay-type":"","overlay-color":"","overlay-opacity":"","overlay-gradient":""},"tablet":{"background-color":"","background-image":"","background-repeat":"repeat","background-position":"center center","background-size":"auto","background-attachment":"scroll","background-type":"","background-media":"","overlay-type":"","overlay-color":"","overlay-opacity":"","overlay-gradient":""},"mobile":{"background-color":"","background-image":"","background-repeat":"repeat","background-position":"center center","background-size":"auto","background-attachment":"scroll","background-type":"","background-media":"","overlay-type":"","overlay-color":"","overlay-opacity":"","overlay-gradient":""}},"ast-content-background-meta":{"desktop":{"background-color":"var(--ast-global-color-5)","background-image":"","background-repeat":"repeat","background-position":"center center","background-size":"auto","background-attachment":"scroll","background-type":"","background-media":"","overlay-type":"","overlay-color":"","overlay-opacity":"","overlay-gradient":""},"tablet":{"background-color":"var(--ast-global-color-5)","background-image":"","background-repeat":"repeat","background-position":"center center","background-size":"auto","background-attachment":"scroll","background-type":"","background-media":"","overlay-type":"","overlay-color":"","overlay-opacity":"","overlay-gradient":""},"mobile":{"background-color":"var(--ast-global-color-5)","background-image":"","background-repeat":"repeat","background-position":"center center","background-size":"auto","background-attachment":"scroll","background-type":"","background-media":"","overlay-type":"","overlay-color":"","overlay-opacity":"","overlay-gradient":""}}},"product_brand":[],"product_cat":[32],"product_tag":[],"class_list":{"0":"post-3723","1":"product","2":"type-product","3":"status-publish","4":"has-post-thumbnail","6":"product_cat-poliuretano","7":"desktop-align-center","8":"tablet-align-left","9":"mobile-align-center","10":"ast-product-gallery-layout-horizontal-slider","11":"ast-magnify-disabled","12":"ast-product-tabs-layout-horizontal","14":"first","15":"instock","16":"shipping-taxable","17":"product-type-simple"},"_links":{"self":[{"href":"https:\/\/www.chemichase.com\/es\/wp-json\/wp\/v2\/product\/3723","targetHints":{"allow":["GET"]}}],"collection":[{"href":"https:\/\/www.chemichase.com\/es\/wp-json\/wp\/v2\/product"}],"about":[{"href":"https:\/\/www.chemichase.com\/es\/wp-json\/wp\/v2\/types\/product"}],"wp:featuredmedia":[{"embeddable":true,"href":"https:\/\/www.chemichase.com\/es\/wp-json\/wp\/v2\/media\/3724"}],"wp:attachment":[{"href":"https:\/\/www.chemichase.com\/es\/wp-json\/wp\/v2\/media?parent=3723"}],"wp:term":[{"taxonomy":"product_brand","embeddable":true,"href":"https:\/\/www.chemichase.com\/es\/wp-json\/wp\/v2\/product_brand?post=3723"},{"taxonomy":"product_cat","embeddable":true,"href":"https:\/\/www.chemichase.com\/es\/wp-json\/wp\/v2\/product_cat?post=3723"},{"taxonomy":"product_tag","embeddable":true,"href":"https:\/\/www.chemichase.com\/es\/wp-json\/wp\/v2\/product_tag?post=3723"}],"curies":[{"name":"wp","href":"https:\/\/api.w.org\/{rel}","templated":true}]}}