{"id":3711,"date":"2023-10-22T21:59:26","date_gmt":"2023-10-22T13:59:26","guid":{"rendered":"https:\/\/www.chemichase.com\/es\/?post_type=product&#038;p=3711"},"modified":"2023-12-08T13:35:57","modified_gmt":"2023-12-08T05:35:57","slug":"cyclohexanone","status":"publish","type":"product","link":"https:\/\/www.chemichase.com\/es\/solventes\/cyclohexanone\/","title":{"rendered":"Ciclohexanona"},"content":{"rendered":"<p>Aspecto: l\u00edquido incoloro<\/p>\n<p>Densidad: 0,95 g\/cm3<\/p>\n<p>Punto de fusi\u00f3n: -47 \u2103<\/p>\n<p>Punto de ebullici\u00f3n: 155,75 \u2103<\/p>\n<p>Punto de inflamaci\u00f3n: 46,67 \u2103<\/p>\n<p>&nbsp;<\/p>\n<p>Uso: La ciclohexanona es una materia prima qu\u00edmica importante y el principal intermediario en la fabricaci\u00f3n de nailon, caprolactama y \u00e1cido ad\u00edpico.<\/p>\n<p>&nbsp;<\/p>\n<p>Tambi\u00e9n es un disolvente industrial importante, por ejemplo, en las pinturas, especialmente las que contienen nitrocelulosa, pol\u00edmeros de cloruro de vinilo y sus copol\u00edmeros o pol\u00edmeros de metacrilato.<\/p>\n<p>&nbsp;<\/p>\n<p>Se utiliza como excelente solvente para pesticidas organofosforados y muchos pesticidas similares, como solvente para tintes, como solvente viscoso para lubricantes de aviaci\u00f3n de tipo pist\u00f3n y como solvente para grasa, cera y caucho. Tambi\u00e9n se utiliza como agente nivelador para te\u00f1ir y matizar seda, desengrasante para pulir metales y para colorear y barnizar madera. Se utiliza como disolvente de alto punto de ebullici\u00f3n para cosm\u00e9ticos como esmaltes de u\u00f1as.<\/p>\n<p>&nbsp;<\/p>\n<p>Embalaje: 190 KG\/Tambor, 15.2TM\/20FCL<\/p>\n<p>950KG\/Tanque IBC, 19TM\/20FCL<\/p>\n<p>22.5TM\/Tanque ISO<\/p>\n<div style=\"width: 1280px;\" class=\"wp-video\"><video class=\"wp-video-shortcode\" id=\"video-3711-1\" width=\"1280\" height=\"720\" preload=\"metadata\" controls=\"controls\"><source type=\"video\/mp4\" src=\"https:\/\/www.chemichase.com\/es\/wp-content\/uploads\/2023\/10\/cyclohexanone\u73af\u5df1\u916e.mp4?_=1\" \/><a href=\"https:\/\/www.chemichase.com\/es\/wp-content\/uploads\/2023\/10\/cyclohexanone\u73af\u5df1\u916e.mp4\">https:\/\/www.chemichase.com\/es\/wp-content\/uploads\/2023\/10\/cyclohexanone\u73af\u5df1\u916e.mp4<\/a><\/video><\/div>\n","protected":false},"excerpt":{"rendered":"<p>CAS NO.: 108-94-1<\/p>\n<p>F\u00f3rmula molecular: C6H10O<\/p>\n","protected":false},"featured_media":3713,"template":"","meta":{"site-sidebar-layout":"default","site-content-layout":"","ast-site-content-layout":"default","site-content-style":"default","site-sidebar-style":"default","ast-global-header-display":"","ast-banner-title-visibility":"","ast-main-header-display":"","ast-hfb-above-header-display":"","ast-hfb-below-header-display":"","ast-hfb-mobile-header-display":"","site-post-title":"","ast-breadcrumbs-content":"","ast-featured-img":"","footer-sml-layout":"","ast-disable-related-posts":"","theme-transparent-header-meta":"default","adv-header-id-meta":"","stick-header-meta":"default","header-above-stick-meta":"","header-main-stick-meta":"","header-below-stick-meta":"","astra-migrate-meta-layouts":"set","ast-page-background-enabled":"default","ast-page-background-meta":{"desktop":{"background-color":"var(--ast-global-color-4)","background-image":"","background-repeat":"repeat","background-position":"center center","background-size":"auto","background-attachment":"scroll","background-type":"","background-media":"","overlay-type":"","overlay-color":"","overlay-opacity":"","overlay-gradient":""},"tablet":{"background-color":"","background-image":"","background-repeat":"repeat","background-position":"center center","background-size":"auto","background-attachment":"scroll","background-type":"","background-media":"","overlay-type":"","overlay-color":"","overlay-opacity":"","overlay-gradient":""},"mobile":{"background-color":"","background-image":"","background-repeat":"repeat","background-position":"center center","background-size":"auto","background-attachment":"scroll","background-type":"","background-media":"","overlay-type":"","overlay-color":"","overlay-opacity":"","overlay-gradient":""}},"ast-content-background-meta":{"desktop":{"background-color":"var(--ast-global-color-5)","background-image":"","background-repeat":"repeat","background-position":"center center","background-size":"auto","background-attachment":"scroll","background-type":"","background-media":"","overlay-type":"","overlay-color":"","overlay-opacity":"","overlay-gradient":""},"tablet":{"background-color":"var(--ast-global-color-5)","background-image":"","background-repeat":"repeat","background-position":"center center","background-size":"auto","background-attachment":"scroll","background-type":"","background-media":"","overlay-type":"","overlay-color":"","overlay-opacity":"","overlay-gradient":""},"mobile":{"background-color":"var(--ast-global-color-5)","background-image":"","background-repeat":"repeat","background-position":"center center","background-size":"auto","background-attachment":"scroll","background-type":"","background-media":"","overlay-type":"","overlay-color":"","overlay-opacity":"","overlay-gradient":""}}},"product_brand":[],"product_cat":[31],"product_tag":[],"class_list":{"0":"post-3711","1":"product","2":"type-product","3":"status-publish","4":"has-post-thumbnail","6":"product_cat-solventes","7":"desktop-align-center","8":"tablet-align-left","9":"mobile-align-center","10":"ast-product-gallery-layout-horizontal-slider","11":"ast-magnify-disabled","12":"ast-product-tabs-layout-horizontal","14":"first","15":"instock","16":"shipping-taxable","17":"product-type-simple"},"_links":{"self":[{"href":"https:\/\/www.chemichase.com\/es\/wp-json\/wp\/v2\/product\/3711","targetHints":{"allow":["GET"]}}],"collection":[{"href":"https:\/\/www.chemichase.com\/es\/wp-json\/wp\/v2\/product"}],"about":[{"href":"https:\/\/www.chemichase.com\/es\/wp-json\/wp\/v2\/types\/product"}],"wp:featuredmedia":[{"embeddable":true,"href":"https:\/\/www.chemichase.com\/es\/wp-json\/wp\/v2\/media\/3713"}],"wp:attachment":[{"href":"https:\/\/www.chemichase.com\/es\/wp-json\/wp\/v2\/media?parent=3711"}],"wp:term":[{"taxonomy":"product_brand","embeddable":true,"href":"https:\/\/www.chemichase.com\/es\/wp-json\/wp\/v2\/product_brand?post=3711"},{"taxonomy":"product_cat","embeddable":true,"href":"https:\/\/www.chemichase.com\/es\/wp-json\/wp\/v2\/product_cat?post=3711"},{"taxonomy":"product_tag","embeddable":true,"href":"https:\/\/www.chemichase.com\/es\/wp-json\/wp\/v2\/product_tag?post=3711"}],"curies":[{"name":"wp","href":"https:\/\/api.w.org\/{rel}","templated":true}]}}