{"id":3709,"date":"2023-10-22T20:57:46","date_gmt":"2023-10-22T12:57:46","guid":{"rendered":"https:\/\/www.chemichase.com\/es\/?post_type=product&#038;p=3709"},"modified":"2023-12-08T13:52:06","modified_gmt":"2023-12-08T05:52:06","slug":"ethyl-alcohol-99-999-575","status":"publish","type":"product","link":"https:\/\/www.chemichase.com\/es\/solventes\/ethyl-alcohol-99-999-575\/","title":{"rendered":"Alcohol Et\u00edlico 99,9%, 99,5%, 75%"},"content":{"rendered":"<p>Aspecto: L\u00edquido incoloro<\/p>\n<p>Densidad: 0,789(20\u2103)<\/p>\n<p>Punto de fusi\u00f3n: -114,1 \u2103<\/p>\n<p>Punto de Bolling: 78,3 \u2103<\/p>\n<p>Punto de inflamaci\u00f3n: 13 \u2103<\/p>\n<p>Solubilidad: Miscible con agua, miscible con \u00e9ter, cloroformo, glicerina, metanol, etc.<\/p>\n<p>Condiciones de almacenamiento: Almacenar en un almac\u00e9n fresco y ventilado, lejos del fuego y fuentes de calor.<\/p>\n<p>&nbsp;<\/p>\n<p>Uso del producto:<\/p>\n<p>1. El 99,5% de alcohol se llama alcohol anhidro. Usos en biolog\u00eda: Los pigmentos de los cloroplastos pueden estar en el disolvente org\u00e1nico de etanol absoluto (o acetona), por lo que el uso de etanol absoluto puede extraer los pigmentos de los cloroplastos.<\/p>\n<p>2. Se utiliza alcohol al 95% para limpiar las l\u00e1mparas UV. Este alcohol se usa com\u00fanmente en hospitales y solo se usa en hogares para limpiar lentes de c\u00e1maras.<\/p>\n<p>3. Se utiliza alcohol del 70% al 75% para la desinfecci\u00f3n. Esto se debe a que una concentraci\u00f3n demasiado alta de alcohol tiene una gran capacidad para coagular prote\u00ednas, pero hace que las prote\u00ednas en la superficie de las bacterias se coagulen de inmediato, formando una pel\u00edcula dura. Esta duramadre evita que las mol\u00e9culas de alcohol penetren m\u00e1s en las bacterias, pero en cambio las protege de la muerte. Si la concentraci\u00f3n de alcohol es demasiado baja, aunque puede entrar en las bacterias, la prote\u00edna del cuerpo no se puede solidificar y las bacterias no se pueden matar por completo. Entre ellos, el alcohol al 70% tiene el mejor efecto desinfectante.<\/p>\n<p>&nbsp;<\/p>\n<p>Embalaje: 160KG\/Tambor, 80 tambores=12,8TM\/20FCL,<\/p>\n<p>152 tambores=24,32TM\/40FCL;<\/p>\n<p>18.5TM\/Tanque ISO<\/p>\n","protected":false},"excerpt":{"rendered":"<p>CAS NO.: 64-17-5<\/p>\n<p>F\u00f3rmula molecular: C2H6O<\/p>\n","protected":false},"featured_media":3710,"template":"","meta":{"site-sidebar-layout":"default","site-content-layout":"","ast-site-content-layout":"default","site-content-style":"default","site-sidebar-style":"default","ast-global-header-display":"","ast-banner-title-visibility":"","ast-main-header-display":"","ast-hfb-above-header-display":"","ast-hfb-below-header-display":"","ast-hfb-mobile-header-display":"","site-post-title":"","ast-breadcrumbs-content":"","ast-featured-img":"","footer-sml-layout":"","ast-disable-related-posts":"","theme-transparent-header-meta":"default","adv-header-id-meta":"","stick-header-meta":"default","header-above-stick-meta":"","header-main-stick-meta":"","header-below-stick-meta":"","astra-migrate-meta-layouts":"set","ast-page-background-enabled":"default","ast-page-background-meta":{"desktop":{"background-color":"var(--ast-global-color-4)","background-image":"","background-repeat":"repeat","background-position":"center center","background-size":"auto","background-attachment":"scroll","background-type":"","background-media":"","overlay-type":"","overlay-color":"","overlay-opacity":"","overlay-gradient":""},"tablet":{"background-color":"","background-image":"","background-repeat":"repeat","background-position":"center center","background-size":"auto","background-attachment":"scroll","background-type":"","background-media":"","overlay-type":"","overlay-color":"","overlay-opacity":"","overlay-gradient":""},"mobile":{"background-color":"","background-image":"","background-repeat":"repeat","background-position":"center center","background-size":"auto","background-attachment":"scroll","background-type":"","background-media":"","overlay-type":"","overlay-color":"","overlay-opacity":"","overlay-gradient":""}},"ast-content-background-meta":{"desktop":{"background-color":"var(--ast-global-color-5)","background-image":"","background-repeat":"repeat","background-position":"center center","background-size":"auto","background-attachment":"scroll","background-type":"","background-media":"","overlay-type":"","overlay-color":"","overlay-opacity":"","overlay-gradient":""},"tablet":{"background-color":"var(--ast-global-color-5)","background-image":"","background-repeat":"repeat","background-position":"center center","background-size":"auto","background-attachment":"scroll","background-type":"","background-media":"","overlay-type":"","overlay-color":"","overlay-opacity":"","overlay-gradient":""},"mobile":{"background-color":"var(--ast-global-color-5)","background-image":"","background-repeat":"repeat","background-position":"center center","background-size":"auto","background-attachment":"scroll","background-type":"","background-media":"","overlay-type":"","overlay-color":"","overlay-opacity":"","overlay-gradient":""}}},"product_brand":[],"product_cat":[31],"product_tag":[],"class_list":{"0":"post-3709","1":"product","2":"type-product","3":"status-publish","4":"has-post-thumbnail","6":"product_cat-solventes","7":"desktop-align-center","8":"tablet-align-left","9":"mobile-align-center","10":"ast-product-gallery-layout-horizontal-slider","11":"ast-magnify-disabled","12":"ast-product-tabs-layout-horizontal","14":"first","15":"instock","16":"shipping-taxable","17":"product-type-simple"},"_links":{"self":[{"href":"https:\/\/www.chemichase.com\/es\/wp-json\/wp\/v2\/product\/3709","targetHints":{"allow":["GET"]}}],"collection":[{"href":"https:\/\/www.chemichase.com\/es\/wp-json\/wp\/v2\/product"}],"about":[{"href":"https:\/\/www.chemichase.com\/es\/wp-json\/wp\/v2\/types\/product"}],"wp:featuredmedia":[{"embeddable":true,"href":"https:\/\/www.chemichase.com\/es\/wp-json\/wp\/v2\/media\/3710"}],"wp:attachment":[{"href":"https:\/\/www.chemichase.com\/es\/wp-json\/wp\/v2\/media?parent=3709"}],"wp:term":[{"taxonomy":"product_brand","embeddable":true,"href":"https:\/\/www.chemichase.com\/es\/wp-json\/wp\/v2\/product_brand?post=3709"},{"taxonomy":"product_cat","embeddable":true,"href":"https:\/\/www.chemichase.com\/es\/wp-json\/wp\/v2\/product_cat?post=3709"},{"taxonomy":"product_tag","embeddable":true,"href":"https:\/\/www.chemichase.com\/es\/wp-json\/wp\/v2\/product_tag?post=3709"}],"curies":[{"name":"wp","href":"https:\/\/api.w.org\/{rel}","templated":true}]}}