{"id":3706,"date":"2023-10-22T20:47:29","date_gmt":"2023-10-22T12:47:29","guid":{"rendered":"https:\/\/www.chemichase.com\/es\/?post_type=product&#038;p=3706"},"modified":"2023-12-08T10:30:21","modified_gmt":"2023-12-08T02:30:21","slug":"propylene-carbonate%ef%bc%88pc%ef%bc%89","status":"publish","type":"product","link":"https:\/\/www.chemichase.com\/es\/solventes\/propylene-carbonate%ef%bc%88pc%ef%bc%89\/","title":{"rendered":"Carbonato de Propileno (PC)"},"content":{"rendered":"<p>Punto de fusi\u00f3n: -49 \u2103<\/p>\n<p>Punto de ebullici\u00f3n: 242 \u2103<\/p>\n<p>Punto de inflamaci\u00f3n: 128 \u2103<\/p>\n<p>Solubilidad en agua: 240 g\/L(20 \u2103)<\/p>\n<p>&nbsp;<\/p>\n<p>Uso: se utiliza como fibra sint\u00e9tica y otros disolventes polim\u00e9ricos, pero tambi\u00e9n como extractantes, plastificantes, etc. Se utiliza para bater\u00edas de alta energ\u00eda y condensadores del medio; se utiliza como pol\u00edmero del disolvente y plastificante; se utiliza como plastificante para adhesivos y selladores. Tambi\u00e9n se puede utilizar como acelerador de curado de resina fen\u00f3lica y dispersantes y pigmentos adhesivos solubles en agua; la s\u00edntesis de carbonato de dimetilo; se utiliza para eliminar gas natural, gas de pir\u00f3lisis de petr\u00f3leo en di\u00f3xido de carbono y sulfuro de hidr\u00f3geno; tambi\u00e9n se puede utilizar para textiles, impresi\u00f3n y te\u00f1ido y otros campos industriales.<\/p>\n<p>&nbsp;<\/p>\n<p>Medidas de lucha contra incendios: agentes contra incendios: agua nebulizada, espuma, polvo seco, di\u00f3xido de carbono, arena.<\/p>\n<p>&nbsp;<\/p>\n<p>Tratamiento de primeros auxilios: contacto con la piel: quitarse la ropa contaminada, enjuagar con agua corriente. Contacto con los ojos: levantar el p\u00e1rpado, enjuagar con agua corriente o soluci\u00f3n salina. Obtener tratamiento m\u00e9dico. Inhalaci\u00f3n: retirar del lugar al aire libre. Si respira con dificultad, dar ox\u00edgeno, recibir tratamiento m\u00e9dico. Ingesti\u00f3n:beber mucha agua tibia, vomitar, recibir tratamiento m\u00e9dico.<\/p>\n<p>&nbsp;<\/p>\n<p>Embalaje: 250KG\/Tambor, 20TM\/20FCL, 24TM\/40FCL\uff1b<\/p>\n<p>1200KG\/Tanque IBC, 24TM\/20FCL;<\/p>\n<p>23-25TM\/Tanque ISO.<\/p>\n<p>&nbsp;<\/p>\n<p>Almacenado en un lugar fresco, ventilado y seco, lejos del fuego, el calor y la luz. Y almacenado por separado del oxidante en un recipiente cerrado. Evite el almacenamiento mixto. Evite el contacto con oxidantes fuertes, humedad, calor y exposici\u00f3n al sol. Transporte: conforme a las disposiciones generales del almacenamiento y transporte de carga general.<\/p>\n<div style=\"width: 1280px;\" class=\"wp-video\"><video class=\"wp-video-shortcode\" id=\"video-3706-1\" width=\"1280\" height=\"720\" preload=\"metadata\" controls=\"controls\"><source type=\"video\/mp4\" src=\"https:\/\/www.chemichase.com\/es\/wp-content\/uploads\/2023\/10\/1651385430720562.mp4?_=1\" \/><a href=\"https:\/\/www.chemichase.com\/es\/wp-content\/uploads\/2023\/10\/1651385430720562.mp4\">https:\/\/www.chemichase.com\/es\/wp-content\/uploads\/2023\/10\/1651385430720562.mp4<\/a><\/video><\/div>\n","protected":false},"excerpt":{"rendered":"<p>CAS NO.: 108-32-7<\/p>\n<p>F\u00f3rmula molecular: C4H6O3<\/p>\n","protected":false},"featured_media":3707,"template":"","meta":{"site-sidebar-layout":"default","site-content-layout":"","ast-site-content-layout":"default","site-content-style":"default","site-sidebar-style":"default","ast-global-header-display":"","ast-banner-title-visibility":"","ast-main-header-display":"","ast-hfb-above-header-display":"","ast-hfb-below-header-display":"","ast-hfb-mobile-header-display":"","site-post-title":"","ast-breadcrumbs-content":"","ast-featured-img":"","footer-sml-layout":"","ast-disable-related-posts":"","theme-transparent-header-meta":"default","adv-header-id-meta":"","stick-header-meta":"default","header-above-stick-meta":"","header-main-stick-meta":"","header-below-stick-meta":"","astra-migrate-meta-layouts":"set","ast-page-background-enabled":"default","ast-page-background-meta":{"desktop":{"background-color":"var(--ast-global-color-4)","background-image":"","background-repeat":"repeat","background-position":"center center","background-size":"auto","background-attachment":"scroll","background-type":"","background-media":"","overlay-type":"","overlay-color":"","overlay-opacity":"","overlay-gradient":""},"tablet":{"background-color":"","background-image":"","background-repeat":"repeat","background-position":"center center","background-size":"auto","background-attachment":"scroll","background-type":"","background-media":"","overlay-type":"","overlay-color":"","overlay-opacity":"","overlay-gradient":""},"mobile":{"background-color":"","background-image":"","background-repeat":"repeat","background-position":"center center","background-size":"auto","background-attachment":"scroll","background-type":"","background-media":"","overlay-type":"","overlay-color":"","overlay-opacity":"","overlay-gradient":""}},"ast-content-background-meta":{"desktop":{"background-color":"var(--ast-global-color-5)","background-image":"","background-repeat":"repeat","background-position":"center center","background-size":"auto","background-attachment":"scroll","background-type":"","background-media":"","overlay-type":"","overlay-color":"","overlay-opacity":"","overlay-gradient":""},"tablet":{"background-color":"var(--ast-global-color-5)","background-image":"","background-repeat":"repeat","background-position":"center center","background-size":"auto","background-attachment":"scroll","background-type":"","background-media":"","overlay-type":"","overlay-color":"","overlay-opacity":"","overlay-gradient":""},"mobile":{"background-color":"var(--ast-global-color-5)","background-image":"","background-repeat":"repeat","background-position":"center center","background-size":"auto","background-attachment":"scroll","background-type":"","background-media":"","overlay-type":"","overlay-color":"","overlay-opacity":"","overlay-gradient":""}}},"product_brand":[],"product_cat":[31],"product_tag":[],"class_list":{"0":"post-3706","1":"product","2":"type-product","3":"status-publish","4":"has-post-thumbnail","6":"product_cat-solventes","7":"desktop-align-center","8":"tablet-align-left","9":"mobile-align-center","10":"ast-product-gallery-layout-horizontal-slider","11":"ast-magnify-disabled","12":"ast-product-tabs-layout-horizontal","14":"first","15":"instock","16":"shipping-taxable","17":"product-type-simple"},"_links":{"self":[{"href":"https:\/\/www.chemichase.com\/es\/wp-json\/wp\/v2\/product\/3706","targetHints":{"allow":["GET"]}}],"collection":[{"href":"https:\/\/www.chemichase.com\/es\/wp-json\/wp\/v2\/product"}],"about":[{"href":"https:\/\/www.chemichase.com\/es\/wp-json\/wp\/v2\/types\/product"}],"wp:featuredmedia":[{"embeddable":true,"href":"https:\/\/www.chemichase.com\/es\/wp-json\/wp\/v2\/media\/3707"}],"wp:attachment":[{"href":"https:\/\/www.chemichase.com\/es\/wp-json\/wp\/v2\/media?parent=3706"}],"wp:term":[{"taxonomy":"product_brand","embeddable":true,"href":"https:\/\/www.chemichase.com\/es\/wp-json\/wp\/v2\/product_brand?post=3706"},{"taxonomy":"product_cat","embeddable":true,"href":"https:\/\/www.chemichase.com\/es\/wp-json\/wp\/v2\/product_cat?post=3706"},{"taxonomy":"product_tag","embeddable":true,"href":"https:\/\/www.chemichase.com\/es\/wp-json\/wp\/v2\/product_tag?post=3706"}],"curies":[{"name":"wp","href":"https:\/\/api.w.org\/{rel}","templated":true}]}}