{"id":3704,"date":"2023-10-22T18:18:26","date_gmt":"2023-10-22T10:18:26","guid":{"rendered":"https:\/\/www.chemichase.com\/es\/?post_type=product&#038;p=3704"},"modified":"2023-12-22T11:05:49","modified_gmt":"2023-12-22T03:05:49","slug":"vinyl-acetate-monomer-vam","status":"publish","type":"product","link":"https:\/\/www.chemichase.com\/es\/resina-acrilica-emulsiones\/vinyl-acetate-monomer-vam\/","title":{"rendered":"Mon\u00f3mero de Acetato de Vinilo (VAM)"},"content":{"rendered":"<p>N\u00famero EINECS: 203-545-4<\/p>\n<p>Apariencia: L\u00edquido inflamable incoloro con sabor dulce a \u00e9ter.<\/p>\n<p>Punto de fusi\u00f3n: -93 \u00b0C<\/p>\n<p>Punto de ebullici\u00f3n: 72-73 \u00b0C (lit.)<\/p>\n<p>Densidad: 0,934 g\/mL a 25 \u00b0C (lit.)<\/p>\n<p>Punto de inflamaci\u00f3n: 20 \u00b0F<\/p>\n<p>&nbsp;<\/p>\n<p>Uso:<\/p>\n<p>1.Utilizado en la producci\u00f3n de alcohol polivin\u00edlico, recubrimientos y adhesivos.<\/p>\n<p>2.Se utiliza en la s\u00edntesis de fibras de resina, tambi\u00e9n se utiliza como intermediario y aglutinante para el espesante reductor de vertido de aceite.<\/p>\n<p>3.Es la principal materia prima para la fabricaci\u00f3n de vinil\u00f3n de fibra sint\u00e9tica.<\/p>\n<p>&nbsp;<\/p>\n<p>Embalaje: 190kg\/Tambor, 15,2TM\/20FCL, 25,08TM\/40FCL, 22TM\/tanque de ISO<\/p>\n","protected":false},"excerpt":{"rendered":"<p>CAS No.: 108-05-4<\/p>\n<p>F\u00f3rmula molecular: C4H6O2<\/p>\n","protected":false},"featured_media":3705,"template":"","meta":{"site-sidebar-layout":"default","site-content-layout":"","ast-site-content-layout":"default","site-content-style":"default","site-sidebar-style":"default","ast-global-header-display":"","ast-banner-title-visibility":"","ast-main-header-display":"","ast-hfb-above-header-display":"","ast-hfb-below-header-display":"","ast-hfb-mobile-header-display":"","site-post-title":"","ast-breadcrumbs-content":"","ast-featured-img":"","footer-sml-layout":"","ast-disable-related-posts":"","theme-transparent-header-meta":"default","adv-header-id-meta":"","stick-header-meta":"default","header-above-stick-meta":"","header-main-stick-meta":"","header-below-stick-meta":"","astra-migrate-meta-layouts":"set","ast-page-background-enabled":"default","ast-page-background-meta":{"desktop":{"background-color":"var(--ast-global-color-4)","background-image":"","background-repeat":"repeat","background-position":"center center","background-size":"auto","background-attachment":"scroll","background-type":"","background-media":"","overlay-type":"","overlay-color":"","overlay-opacity":"","overlay-gradient":""},"tablet":{"background-color":"","background-image":"","background-repeat":"repeat","background-position":"center center","background-size":"auto","background-attachment":"scroll","background-type":"","background-media":"","overlay-type":"","overlay-color":"","overlay-opacity":"","overlay-gradient":""},"mobile":{"background-color":"","background-image":"","background-repeat":"repeat","background-position":"center center","background-size":"auto","background-attachment":"scroll","background-type":"","background-media":"","overlay-type":"","overlay-color":"","overlay-opacity":"","overlay-gradient":""}},"ast-content-background-meta":{"desktop":{"background-color":"var(--ast-global-color-5)","background-image":"","background-repeat":"repeat","background-position":"center center","background-size":"auto","background-attachment":"scroll","background-type":"","background-media":"","overlay-type":"","overlay-color":"","overlay-opacity":"","overlay-gradient":""},"tablet":{"background-color":"var(--ast-global-color-5)","background-image":"","background-repeat":"repeat","background-position":"center center","background-size":"auto","background-attachment":"scroll","background-type":"","background-media":"","overlay-type":"","overlay-color":"","overlay-opacity":"","overlay-gradient":""},"mobile":{"background-color":"var(--ast-global-color-5)","background-image":"","background-repeat":"repeat","background-position":"center center","background-size":"auto","background-attachment":"scroll","background-type":"","background-media":"","overlay-type":"","overlay-color":"","overlay-opacity":"","overlay-gradient":""}}},"product_brand":[],"product_cat":[29],"product_tag":[],"class_list":{"0":"post-3704","1":"product","2":"type-product","3":"status-publish","4":"has-post-thumbnail","6":"product_cat-resina-acrilica-emulsiones","7":"desktop-align-center","8":"tablet-align-left","9":"mobile-align-center","10":"ast-product-gallery-layout-horizontal-slider","11":"ast-magnify-disabled","12":"ast-product-tabs-layout-horizontal","14":"first","15":"instock","16":"shipping-taxable","17":"product-type-simple"},"_links":{"self":[{"href":"https:\/\/www.chemichase.com\/es\/wp-json\/wp\/v2\/product\/3704","targetHints":{"allow":["GET"]}}],"collection":[{"href":"https:\/\/www.chemichase.com\/es\/wp-json\/wp\/v2\/product"}],"about":[{"href":"https:\/\/www.chemichase.com\/es\/wp-json\/wp\/v2\/types\/product"}],"wp:featuredmedia":[{"embeddable":true,"href":"https:\/\/www.chemichase.com\/es\/wp-json\/wp\/v2\/media\/3705"}],"wp:attachment":[{"href":"https:\/\/www.chemichase.com\/es\/wp-json\/wp\/v2\/media?parent=3704"}],"wp:term":[{"taxonomy":"product_brand","embeddable":true,"href":"https:\/\/www.chemichase.com\/es\/wp-json\/wp\/v2\/product_brand?post=3704"},{"taxonomy":"product_cat","embeddable":true,"href":"https:\/\/www.chemichase.com\/es\/wp-json\/wp\/v2\/product_cat?post=3704"},{"taxonomy":"product_tag","embeddable":true,"href":"https:\/\/www.chemichase.com\/es\/wp-json\/wp\/v2\/product_tag?post=3704"}],"curies":[{"name":"wp","href":"https:\/\/api.w.org\/{rel}","templated":true}]}}