{"id":3702,"date":"2023-10-22T18:06:51","date_gmt":"2023-10-22T10:06:51","guid":{"rendered":"https:\/\/www.chemichase.com\/es\/?post_type=product&#038;p=3702"},"modified":"2023-12-08T10:25:09","modified_gmt":"2023-12-08T02:25:09","slug":"polyvinyl-alcohol-pva","status":"publish","type":"product","link":"https:\/\/www.chemichase.com\/es\/resina-acrilica-emulsiones\/polyvinyl-alcohol-pva\/","title":{"rendered":"Alcohol Polivin\u00edlico (PVA)"},"content":{"rendered":"<p>Pureza: \u226593,5%<\/p>\n<p>Apariencia: S\u00f3lido blanco o amarillo claro en escamas.<\/p>\n<p>Densidad: 0,8\u00b10,1 g\/cm3<\/p>\n<p>Punto de ebullici\u00f3n: 23,5\u00b113,0 \u00b0C a 760 mmHg<\/p>\n<p>Punto de fusi\u00f3n: 230-240\u00baC<\/p>\n<p>Uso: Se utiliza en la fabricaci\u00f3n de polivinil acetal, tuber\u00edas resistentes a la gasolina y fibras sint\u00e9ticas de vinilo, agentes de tratamiento de telas, emulsionantes, revestimientos de papel, adhesivos, etc., industria textil, etc.<\/p>\n<p>&nbsp;<\/p>\n<p>Embalaje: 25KG\/bolsa, 18TM\/20FCL sin paletas, 15TM\/20FCL con paletas; 26TM\/40FCL sin paletas, 25.6TM\/40FCL con paletas<\/p>\n","protected":false},"excerpt":{"rendered":"<p>CAS No.: 9002-89-5<\/p>\n<p>F\u00f3rmula molecular: C2H4O<\/p>\n","protected":false},"featured_media":3703,"template":"","meta":{"site-sidebar-layout":"default","site-content-layout":"","ast-site-content-layout":"default","site-content-style":"default","site-sidebar-style":"default","ast-global-header-display":"","ast-banner-title-visibility":"","ast-main-header-display":"","ast-hfb-above-header-display":"","ast-hfb-below-header-display":"","ast-hfb-mobile-header-display":"","site-post-title":"","ast-breadcrumbs-content":"","ast-featured-img":"","footer-sml-layout":"","ast-disable-related-posts":"","theme-transparent-header-meta":"default","adv-header-id-meta":"","stick-header-meta":"default","header-above-stick-meta":"","header-main-stick-meta":"","header-below-stick-meta":"","astra-migrate-meta-layouts":"set","ast-page-background-enabled":"default","ast-page-background-meta":{"desktop":{"background-color":"var(--ast-global-color-4)","background-image":"","background-repeat":"repeat","background-position":"center center","background-size":"auto","background-attachment":"scroll","background-type":"","background-media":"","overlay-type":"","overlay-color":"","overlay-opacity":"","overlay-gradient":""},"tablet":{"background-color":"","background-image":"","background-repeat":"repeat","background-position":"center center","background-size":"auto","background-attachment":"scroll","background-type":"","background-media":"","overlay-type":"","overlay-color":"","overlay-opacity":"","overlay-gradient":""},"mobile":{"background-color":"","background-image":"","background-repeat":"repeat","background-position":"center center","background-size":"auto","background-attachment":"scroll","background-type":"","background-media":"","overlay-type":"","overlay-color":"","overlay-opacity":"","overlay-gradient":""}},"ast-content-background-meta":{"desktop":{"background-color":"var(--ast-global-color-5)","background-image":"","background-repeat":"repeat","background-position":"center center","background-size":"auto","background-attachment":"scroll","background-type":"","background-media":"","overlay-type":"","overlay-color":"","overlay-opacity":"","overlay-gradient":""},"tablet":{"background-color":"var(--ast-global-color-5)","background-image":"","background-repeat":"repeat","background-position":"center center","background-size":"auto","background-attachment":"scroll","background-type":"","background-media":"","overlay-type":"","overlay-color":"","overlay-opacity":"","overlay-gradient":""},"mobile":{"background-color":"var(--ast-global-color-5)","background-image":"","background-repeat":"repeat","background-position":"center center","background-size":"auto","background-attachment":"scroll","background-type":"","background-media":"","overlay-type":"","overlay-color":"","overlay-opacity":"","overlay-gradient":""}}},"product_brand":[],"product_cat":[29],"product_tag":[],"class_list":{"0":"post-3702","1":"product","2":"type-product","3":"status-publish","4":"has-post-thumbnail","6":"product_cat-resina-acrilica-emulsiones","7":"desktop-align-center","8":"tablet-align-left","9":"mobile-align-center","10":"ast-product-gallery-layout-horizontal-slider","11":"ast-magnify-disabled","12":"ast-product-tabs-layout-horizontal","14":"first","15":"instock","16":"shipping-taxable","17":"product-type-simple"},"_links":{"self":[{"href":"https:\/\/www.chemichase.com\/es\/wp-json\/wp\/v2\/product\/3702","targetHints":{"allow":["GET"]}}],"collection":[{"href":"https:\/\/www.chemichase.com\/es\/wp-json\/wp\/v2\/product"}],"about":[{"href":"https:\/\/www.chemichase.com\/es\/wp-json\/wp\/v2\/types\/product"}],"wp:featuredmedia":[{"embeddable":true,"href":"https:\/\/www.chemichase.com\/es\/wp-json\/wp\/v2\/media\/3703"}],"wp:attachment":[{"href":"https:\/\/www.chemichase.com\/es\/wp-json\/wp\/v2\/media?parent=3702"}],"wp:term":[{"taxonomy":"product_brand","embeddable":true,"href":"https:\/\/www.chemichase.com\/es\/wp-json\/wp\/v2\/product_brand?post=3702"},{"taxonomy":"product_cat","embeddable":true,"href":"https:\/\/www.chemichase.com\/es\/wp-json\/wp\/v2\/product_cat?post=3702"},{"taxonomy":"product_tag","embeddable":true,"href":"https:\/\/www.chemichase.com\/es\/wp-json\/wp\/v2\/product_tag?post=3702"}],"curies":[{"name":"wp","href":"https:\/\/api.w.org\/{rel}","templated":true}]}}