{"id":3700,"date":"2023-10-22T17:52:12","date_gmt":"2023-10-22T09:52:12","guid":{"rendered":"https:\/\/www.chemichase.com\/es\/?post_type=product&#038;p=3700"},"modified":"2023-12-08T11:29:29","modified_gmt":"2023-12-08T03:29:29","slug":"n-butyl-acrylateba","status":"publish","type":"product","link":"https:\/\/www.chemichase.com\/es\/resina-acrilica-emulsiones\/n-butyl-acrylateba\/","title":{"rendered":"Acrilato N-Butilo (BA)"},"content":{"rendered":"<p>Apariencia: l\u00edquido incoloro transparente<\/p>\n<p>Pureza: \u226599%<\/p>\n<p>Densidad: 0.9 \u00b1 0.1 g\/cm3<\/p>\n<p>Punto de ebullici\u00f3n: 145.9 \u00b1 9.0 \u00b0 C a 760 mmHg<\/p>\n<p>Punto de fusi\u00f3n: -69 \u00b0 C<\/p>\n<p>Aplicaci\u00f3n: utilizado como intermedios de s\u00edntesis org\u00e1nica, aglutinantes, emulsionantes<\/p>\n<p>Clase III Cargo peligroso<\/p>\n<p>&nbsp;<\/p>\n<p>Uso:<\/p>\n<p>Se usa principalmente para hacer mon\u00f3meros de pol\u00edmero de fibra, caucho y pl\u00e1stico. En La industria org\u00e1nica se utiliza para fabricar adhesivos, emulsionantes y usar como intermedios de s\u00edntesis org\u00e1nica. En la fabricaci\u00f3n de papel se utiliza para hacer potenciadores de papel. En La industria de recubrimiento se utiliza para hacer recubrimientos acr\u00edlicos.<\/p>\n<p>&nbsp;<\/p>\n<p>Embalaje: 180 kg\/tambor, 14.4TM\/20FCL;<\/p>\n<p>21TM\/Tanque ISO.<\/p>\n","protected":false},"excerpt":{"rendered":"<p>CAS No.:141-32-2<\/p>\n<p>F\u00f3rmula molecular: C7H12O2<\/p>\n","protected":false},"featured_media":3701,"template":"","meta":{"site-sidebar-layout":"default","site-content-layout":"","ast-site-content-layout":"default","site-content-style":"default","site-sidebar-style":"default","ast-global-header-display":"","ast-banner-title-visibility":"","ast-main-header-display":"","ast-hfb-above-header-display":"","ast-hfb-below-header-display":"","ast-hfb-mobile-header-display":"","site-post-title":"","ast-breadcrumbs-content":"","ast-featured-img":"","footer-sml-layout":"","ast-disable-related-posts":"","theme-transparent-header-meta":"default","adv-header-id-meta":"","stick-header-meta":"default","header-above-stick-meta":"","header-main-stick-meta":"","header-below-stick-meta":"","astra-migrate-meta-layouts":"set","ast-page-background-enabled":"default","ast-page-background-meta":{"desktop":{"background-color":"var(--ast-global-color-4)","background-image":"","background-repeat":"repeat","background-position":"center center","background-size":"auto","background-attachment":"scroll","background-type":"","background-media":"","overlay-type":"","overlay-color":"","overlay-opacity":"","overlay-gradient":""},"tablet":{"background-color":"","background-image":"","background-repeat":"repeat","background-position":"center center","background-size":"auto","background-attachment":"scroll","background-type":"","background-media":"","overlay-type":"","overlay-color":"","overlay-opacity":"","overlay-gradient":""},"mobile":{"background-color":"","background-image":"","background-repeat":"repeat","background-position":"center center","background-size":"auto","background-attachment":"scroll","background-type":"","background-media":"","overlay-type":"","overlay-color":"","overlay-opacity":"","overlay-gradient":""}},"ast-content-background-meta":{"desktop":{"background-color":"var(--ast-global-color-5)","background-image":"","background-repeat":"repeat","background-position":"center center","background-size":"auto","background-attachment":"scroll","background-type":"","background-media":"","overlay-type":"","overlay-color":"","overlay-opacity":"","overlay-gradient":""},"tablet":{"background-color":"var(--ast-global-color-5)","background-image":"","background-repeat":"repeat","background-position":"center center","background-size":"auto","background-attachment":"scroll","background-type":"","background-media":"","overlay-type":"","overlay-color":"","overlay-opacity":"","overlay-gradient":""},"mobile":{"background-color":"var(--ast-global-color-5)","background-image":"","background-repeat":"repeat","background-position":"center center","background-size":"auto","background-attachment":"scroll","background-type":"","background-media":"","overlay-type":"","overlay-color":"","overlay-opacity":"","overlay-gradient":""}}},"product_brand":[],"product_cat":[29],"product_tag":[],"class_list":{"0":"post-3700","1":"product","2":"type-product","3":"status-publish","4":"has-post-thumbnail","6":"product_cat-resina-acrilica-emulsiones","7":"desktop-align-center","8":"tablet-align-left","9":"mobile-align-center","10":"ast-product-gallery-layout-horizontal-slider","11":"ast-magnify-disabled","12":"ast-product-tabs-layout-horizontal","14":"first","15":"instock","16":"shipping-taxable","17":"product-type-simple"},"_links":{"self":[{"href":"https:\/\/www.chemichase.com\/es\/wp-json\/wp\/v2\/product\/3700","targetHints":{"allow":["GET"]}}],"collection":[{"href":"https:\/\/www.chemichase.com\/es\/wp-json\/wp\/v2\/product"}],"about":[{"href":"https:\/\/www.chemichase.com\/es\/wp-json\/wp\/v2\/types\/product"}],"wp:featuredmedia":[{"embeddable":true,"href":"https:\/\/www.chemichase.com\/es\/wp-json\/wp\/v2\/media\/3701"}],"wp:attachment":[{"href":"https:\/\/www.chemichase.com\/es\/wp-json\/wp\/v2\/media?parent=3700"}],"wp:term":[{"taxonomy":"product_brand","embeddable":true,"href":"https:\/\/www.chemichase.com\/es\/wp-json\/wp\/v2\/product_brand?post=3700"},{"taxonomy":"product_cat","embeddable":true,"href":"https:\/\/www.chemichase.com\/es\/wp-json\/wp\/v2\/product_cat?post=3700"},{"taxonomy":"product_tag","embeddable":true,"href":"https:\/\/www.chemichase.com\/es\/wp-json\/wp\/v2\/product_tag?post=3700"}],"curies":[{"name":"wp","href":"https:\/\/api.w.org\/{rel}","templated":true}]}}