{"id":3692,"date":"2023-10-22T17:19:24","date_gmt":"2023-10-22T09:19:24","guid":{"rendered":"https:\/\/www.chemichase.com\/es\/?post_type=product&#038;p=3692"},"modified":"2023-12-08T09:29:26","modified_gmt":"2023-12-08T01:29:26","slug":"methyl-methacrylatemma","status":"publish","type":"product","link":"https:\/\/www.chemichase.com\/es\/resina-acrilica-emulsiones\/methyl-methacrylatemma\/","title":{"rendered":"Metacrilato de Metilo (MMA)"},"content":{"rendered":"<p>El metacrilato de metilo es un \u00e9ster insaturado, la abreviatura en ingl\u00e9s de metacrilato de metilo es MMA, es un l\u00edquido transparente incoloro a temperatura ambiente, vol\u00e1til, explosivo, f\u00e1cil de quemar y el gas vol\u00e1til tiene un olor irritante. Soluble en alcoholes, \u00e9teres, cetonas e hidrocarburos clorados, ligeramente soluble en \u00e9teres alif\u00e1ticos, alcoholes, ligeramente soluble en agua y con agua y metanol puede formar un aze\u00f3tropo.<\/p>\n<p>&nbsp;<\/p>\n<p>Rango de aplicaci\u00f3n:<\/p>\n<p>El metacrilato de metilo (MMA) se utiliza principalmente en los campos de la polimerizaci\u00f3n y copolimerizaci\u00f3n. Para cada aplicaci\u00f3n se requiere un proceso de polimerizaci\u00f3n especial. Los iniciadores son de forma libre (per\u00f3xidos org\u00e1nicos, azocompuestos) o i\u00f3nicos.<\/p>\n<p>&nbsp;<\/p>\n<p>El plexigl\u00e1s se puede fabricar mediante polimerizaci\u00f3n en masa para materiales decorativos artificiales y piezas de la industria de la construcci\u00f3n, materiales de informaci\u00f3n \u00f3ptica y embalajes de componentes el\u00e9ctricos, etc.<\/p>\n<p>&nbsp;<\/p>\n<p>Puede obtener recubrimientos, pinturas, adhesivos, agentes impermeabilizantes, \u00a0aditivos para ajustar la viscosidad en lubricantes, etc. Forma emulsi\u00f3n mediante polimerizaci\u00f3n.<\/p>\n<p>&nbsp;<\/p>\n<p>Puede reemplazar el estireno como agente reticulante, diluir resina de poli\u00e9ster insaturado y producir modificadores de caucho natural y sint\u00e9tico.<\/p>\n<p>&nbsp;<\/p>\n<p>El metacrilato de metilo se utiliza principalmente en la industria del plexigl\u00e1s, pero tambi\u00e9n en muchos otros campos. Actualmente en el pol\u00edmero funcional m\u00e9dico (materiales polim\u00e9ricos y medicamentos polim\u00e9ricos), textiles (segundo mon\u00f3mero acr\u00edlico) como mon\u00f3mero funcional, y tambi\u00e9n tiene una amplia gama de aplicaciones en recubrimientos, pinturas, auxiliares de procesamiento y adhesivos de PVC y otros campos.<\/p>\n<p>&nbsp;<\/p>\n<p>Embalaje: 190 KG\/tambor, 15,2 TM\/20 FCL;<\/p>\n<p>24.32TM\/40FCL;<\/p>\n<p>22TM\/Tanque ISO<\/p>\n<p>&nbsp;<\/p>\n<p><img decoding=\"async\" title=\"1619683395419099.jpg\" src=\"https:\/\/www.chemichase.com\/uploadfile\/20210429\/1619683395419099.jpg\" alt=\"\u56fe\u72472.jpg\" \/><\/p>\n<p>&nbsp;<\/p>\n<p><img fetchpriority=\"high\" decoding=\"async\" class=\"shrinkToFit\" src=\"https:\/\/www.chemichase.com\/uploadfile\/20210429\/1619683969618664.jpg\" alt=\"https:\/\/www.chemichase.com\/uploadfile\/20210429\/1619683969618664.jpg\" width=\"608\" height=\"456\" \/><\/p>\n","protected":false},"excerpt":{"rendered":"<p>CAS NO.: 80-62-6<\/p>\n<p>F\u00f3rmula molecular: C5H8O2<\/p>\n<p>Apariencia: L\u00edquido transparente incoloro<\/p>\n","protected":false},"featured_media":3693,"template":"","meta":{"site-sidebar-layout":"default","site-content-layout":"","ast-site-content-layout":"default","site-content-style":"default","site-sidebar-style":"default","ast-global-header-display":"","ast-banner-title-visibility":"","ast-main-header-display":"","ast-hfb-above-header-display":"","ast-hfb-below-header-display":"","ast-hfb-mobile-header-display":"","site-post-title":"","ast-breadcrumbs-content":"","ast-featured-img":"","footer-sml-layout":"","ast-disable-related-posts":"","theme-transparent-header-meta":"default","adv-header-id-meta":"","stick-header-meta":"default","header-above-stick-meta":"","header-main-stick-meta":"","header-below-stick-meta":"","astra-migrate-meta-layouts":"set","ast-page-background-enabled":"default","ast-page-background-meta":{"desktop":{"background-color":"var(--ast-global-color-4)","background-image":"","background-repeat":"repeat","background-position":"center center","background-size":"auto","background-attachment":"scroll","background-type":"","background-media":"","overlay-type":"","overlay-color":"","overlay-opacity":"","overlay-gradient":""},"tablet":{"background-color":"","background-image":"","background-repeat":"repeat","background-position":"center center","background-size":"auto","background-attachment":"scroll","background-type":"","background-media":"","overlay-type":"","overlay-color":"","overlay-opacity":"","overlay-gradient":""},"mobile":{"background-color":"","background-image":"","background-repeat":"repeat","background-position":"center center","background-size":"auto","background-attachment":"scroll","background-type":"","background-media":"","overlay-type":"","overlay-color":"","overlay-opacity":"","overlay-gradient":""}},"ast-content-background-meta":{"desktop":{"background-color":"var(--ast-global-color-5)","background-image":"","background-repeat":"repeat","background-position":"center center","background-size":"auto","background-attachment":"scroll","background-type":"","background-media":"","overlay-type":"","overlay-color":"","overlay-opacity":"","overlay-gradient":""},"tablet":{"background-color":"var(--ast-global-color-5)","background-image":"","background-repeat":"repeat","background-position":"center center","background-size":"auto","background-attachment":"scroll","background-type":"","background-media":"","overlay-type":"","overlay-color":"","overlay-opacity":"","overlay-gradient":""},"mobile":{"background-color":"var(--ast-global-color-5)","background-image":"","background-repeat":"repeat","background-position":"center center","background-size":"auto","background-attachment":"scroll","background-type":"","background-media":"","overlay-type":"","overlay-color":"","overlay-opacity":"","overlay-gradient":""}}},"product_brand":[],"product_cat":[29],"product_tag":[],"class_list":{"0":"post-3692","1":"product","2":"type-product","3":"status-publish","4":"has-post-thumbnail","6":"product_cat-resina-acrilica-emulsiones","7":"desktop-align-center","8":"tablet-align-left","9":"mobile-align-center","10":"ast-product-gallery-layout-horizontal-slider","11":"ast-magnify-disabled","12":"ast-product-tabs-layout-horizontal","14":"first","15":"instock","16":"shipping-taxable","17":"product-type-simple"},"_links":{"self":[{"href":"https:\/\/www.chemichase.com\/es\/wp-json\/wp\/v2\/product\/3692","targetHints":{"allow":["GET"]}}],"collection":[{"href":"https:\/\/www.chemichase.com\/es\/wp-json\/wp\/v2\/product"}],"about":[{"href":"https:\/\/www.chemichase.com\/es\/wp-json\/wp\/v2\/types\/product"}],"wp:featuredmedia":[{"embeddable":true,"href":"https:\/\/www.chemichase.com\/es\/wp-json\/wp\/v2\/media\/3693"}],"wp:attachment":[{"href":"https:\/\/www.chemichase.com\/es\/wp-json\/wp\/v2\/media?parent=3692"}],"wp:term":[{"taxonomy":"product_brand","embeddable":true,"href":"https:\/\/www.chemichase.com\/es\/wp-json\/wp\/v2\/product_brand?post=3692"},{"taxonomy":"product_cat","embeddable":true,"href":"https:\/\/www.chemichase.com\/es\/wp-json\/wp\/v2\/product_cat?post=3692"},{"taxonomy":"product_tag","embeddable":true,"href":"https:\/\/www.chemichase.com\/es\/wp-json\/wp\/v2\/product_tag?post=3692"}],"curies":[{"name":"wp","href":"https:\/\/api.w.org\/{rel}","templated":true}]}}