{"id":3682,"date":"2023-10-22T16:19:08","date_gmt":"2023-10-22T08:19:08","guid":{"rendered":"https:\/\/www.chemichase.com\/es\/?post_type=product&#038;p=3682"},"modified":"2023-12-08T09:47:04","modified_gmt":"2023-12-08T01:47:04","slug":"phthalic-anhydridepa","status":"publish","type":"product","link":"https:\/\/www.chemichase.com\/es\/upr-resina-alquidica\/phthalic-anhydridepa\/","title":{"rendered":"Anh\u00eddrido Ft\u00e1lico(PA)"},"content":{"rendered":"<p>Apariencia: S\u00f3lido cristalino blanco con un olor impresionante.<\/p>\n<p>Densidad: 1,53 g\/cm3<\/p>\n<p>Punto de fusi\u00f3n: 131-134\u00b0C (lit.)<\/p>\n<p>Punto de Bolling: 284\u00b0C(lit.)<\/p>\n<p>Punto de inflamaci\u00f3n: 152\u00b0C<\/p>\n<p>\u00cdndice de refracci\u00f3n: 1.646<\/p>\n<p>Soluble: 6g\/L(20 \u00baC)<\/p>\n<p>Solubilidad: 0,6%<\/p>\n<p>Condici\u00f3n de almacenamiento:<\/p>\n<p>Buena ventilaci\u00f3n, baja temperatura y condiciones de secado, almacenado por separado con oxidantes.<\/p>\n<p>&nbsp;<\/p>\n<p>Uso:<\/p>\n<p>El anh\u00eddrido ft\u00e1lico es un compuesto org\u00e1nico y el anh\u00eddrido del \u00e1cido ft\u00e1lico (P384480). El anh\u00eddrido ft\u00e1lico es una importante sustancia qu\u00edmica industrial com\u00fanmente utilizada en la producci\u00f3n a gran escala de plastificantes para pl\u00e1sticos. Investigaciones recientes tambi\u00e9n han evaluado el anh\u00eddrido ft\u00e1lico como posible agente antibacteriano.<\/p>\n<div style=\"width: 1280px;\" class=\"wp-video\"><video class=\"wp-video-shortcode\" id=\"video-3682-1\" width=\"1280\" height=\"720\" preload=\"metadata\" controls=\"controls\"><source type=\"video\/mp4\" src=\"https:\/\/www.chemichase.com\/es\/wp-content\/uploads\/2023\/10\/1651385279829013.mp4?_=1\" \/><a href=\"https:\/\/www.chemichase.com\/es\/wp-content\/uploads\/2023\/10\/1651385279829013.mp4\">https:\/\/www.chemichase.com\/es\/wp-content\/uploads\/2023\/10\/1651385279829013.mp4<\/a><\/video><\/div>\n","protected":false},"excerpt":{"rendered":"<p>No.CAS: 85-44-9<\/p>\n<p>F\u00f3rmula molecular: C8H4O3<\/p>\n","protected":false},"featured_media":3684,"template":"","meta":{"site-sidebar-layout":"default","site-content-layout":"","ast-site-content-layout":"default","site-content-style":"default","site-sidebar-style":"default","ast-global-header-display":"","ast-banner-title-visibility":"","ast-main-header-display":"","ast-hfb-above-header-display":"","ast-hfb-below-header-display":"","ast-hfb-mobile-header-display":"","site-post-title":"","ast-breadcrumbs-content":"","ast-featured-img":"","footer-sml-layout":"","ast-disable-related-posts":"","theme-transparent-header-meta":"default","adv-header-id-meta":"","stick-header-meta":"default","header-above-stick-meta":"","header-main-stick-meta":"","header-below-stick-meta":"","astra-migrate-meta-layouts":"set","ast-page-background-enabled":"default","ast-page-background-meta":{"desktop":{"background-color":"var(--ast-global-color-4)","background-image":"","background-repeat":"repeat","background-position":"center center","background-size":"auto","background-attachment":"scroll","background-type":"","background-media":"","overlay-type":"","overlay-color":"","overlay-opacity":"","overlay-gradient":""},"tablet":{"background-color":"","background-image":"","background-repeat":"repeat","background-position":"center center","background-size":"auto","background-attachment":"scroll","background-type":"","background-media":"","overlay-type":"","overlay-color":"","overlay-opacity":"","overlay-gradient":""},"mobile":{"background-color":"","background-image":"","background-repeat":"repeat","background-position":"center center","background-size":"auto","background-attachment":"scroll","background-type":"","background-media":"","overlay-type":"","overlay-color":"","overlay-opacity":"","overlay-gradient":""}},"ast-content-background-meta":{"desktop":{"background-color":"var(--ast-global-color-5)","background-image":"","background-repeat":"repeat","background-position":"center center","background-size":"auto","background-attachment":"scroll","background-type":"","background-media":"","overlay-type":"","overlay-color":"","overlay-opacity":"","overlay-gradient":""},"tablet":{"background-color":"var(--ast-global-color-5)","background-image":"","background-repeat":"repeat","background-position":"center center","background-size":"auto","background-attachment":"scroll","background-type":"","background-media":"","overlay-type":"","overlay-color":"","overlay-opacity":"","overlay-gradient":""},"mobile":{"background-color":"var(--ast-global-color-5)","background-image":"","background-repeat":"repeat","background-position":"center center","background-size":"auto","background-attachment":"scroll","background-type":"","background-media":"","overlay-type":"","overlay-color":"","overlay-opacity":"","overlay-gradient":""}}},"product_brand":[],"product_cat":[15],"product_tag":[],"class_list":{"0":"post-3682","1":"product","2":"type-product","3":"status-publish","4":"has-post-thumbnail","6":"product_cat-upr-resina-alquidica","7":"desktop-align-center","8":"tablet-align-left","9":"mobile-align-center","10":"ast-product-gallery-layout-horizontal-slider","11":"ast-magnify-disabled","12":"ast-product-tabs-layout-horizontal","14":"first","15":"instock","16":"shipping-taxable","17":"product-type-simple"},"_links":{"self":[{"href":"https:\/\/www.chemichase.com\/es\/wp-json\/wp\/v2\/product\/3682","targetHints":{"allow":["GET"]}}],"collection":[{"href":"https:\/\/www.chemichase.com\/es\/wp-json\/wp\/v2\/product"}],"about":[{"href":"https:\/\/www.chemichase.com\/es\/wp-json\/wp\/v2\/types\/product"}],"wp:featuredmedia":[{"embeddable":true,"href":"https:\/\/www.chemichase.com\/es\/wp-json\/wp\/v2\/media\/3684"}],"wp:attachment":[{"href":"https:\/\/www.chemichase.com\/es\/wp-json\/wp\/v2\/media?parent=3682"}],"wp:term":[{"taxonomy":"product_brand","embeddable":true,"href":"https:\/\/www.chemichase.com\/es\/wp-json\/wp\/v2\/product_brand?post=3682"},{"taxonomy":"product_cat","embeddable":true,"href":"https:\/\/www.chemichase.com\/es\/wp-json\/wp\/v2\/product_cat?post=3682"},{"taxonomy":"product_tag","embeddable":true,"href":"https:\/\/www.chemichase.com\/es\/wp-json\/wp\/v2\/product_tag?post=3682"}],"curies":[{"name":"wp","href":"https:\/\/api.w.org\/{rel}","templated":true}]}}