{"id":3665,"date":"2023-10-21T14:23:02","date_gmt":"2023-10-21T06:23:02","guid":{"rendered":"https:\/\/www.chemichase.com\/es\/?post_type=product&#038;p=3665"},"modified":"2023-12-08T08:42:14","modified_gmt":"2023-12-08T00:42:14","slug":"isopropyl-alcoholipa","status":"publish","type":"product","link":"https:\/\/www.chemichase.com\/es\/recubrimientos\/isopropyl-alcoholipa\/","title":{"rendered":"Alcohol Isoprop\u00edlico (IPA)"},"content":{"rendered":"<p>Aspecto: l\u00edquido transparente e incoloro<\/p>\n<p>Propiedad qu\u00edmica y f\u00edsica: L\u00edquido incoloro y transparente, como el olor de una mezcla de etanol y acetona. Soluble en agua, alcohol, \u00e9ter, benceno, cloroformo y otros disolventes m\u00e1s org\u00e1nicos.<\/p>\n<p>&nbsp;<\/p>\n<p>Especificaci\u00f3n:<\/p>\n<p>Color: (pt-co) 10max 8<\/p>\n<p>Densidad: a 20c 0,784-0,787 0,785<\/p>\n<p>Pureza: 99,7% m\u00edn.<\/p>\n<p>Humedad: 0,2% m\u00e1x.<\/p>\n<p>\u00c1cido (ch3cooh): 0,002% m\u00e1x.<\/p>\n<p>Residuo de evaporaci\u00f3n: 0,005% m\u00e1x.<\/p>\n<p>Contenido de hidroxilo: 0,02% m\u00e1x.<\/p>\n<p>&nbsp;<\/p>\n<p>Uso:<\/p>\n<p>Es un importante producto qu\u00edmico y materia prima. Se utiliza principalmente en la industria farmac\u00e9utica, cosm\u00e9tica, pl\u00e1stica, fragancias, pinturas y electr\u00f3nica como agente deshidratante y agente de limpieza. Determinaci\u00f3n de bario, calcio, magnesio, n\u00edquel, potasio, sodio y estroncio y otros reactivos. An\u00e1lisis cromatogr\u00e1fico de material de referencia.<\/p>\n<p>&nbsp;<\/p>\n<p>Embalaje: tambor de 160 kg, 12,8TM\/20 FCL; 18,5TM\/Tanque ISO.<\/p>\n","protected":false},"excerpt":{"rendered":"<div>\n<p>N.\u00ba CAS: 67-63-0<\/p>\n<p>F\u00f3rmula molecular: C3H8O<\/p>\n<\/div>\n","protected":false},"featured_media":5602,"template":"","meta":{"site-sidebar-layout":"default","site-content-layout":"","ast-site-content-layout":"default","site-content-style":"default","site-sidebar-style":"default","ast-global-header-display":"","ast-banner-title-visibility":"","ast-main-header-display":"","ast-hfb-above-header-display":"","ast-hfb-below-header-display":"","ast-hfb-mobile-header-display":"","site-post-title":"","ast-breadcrumbs-content":"","ast-featured-img":"","footer-sml-layout":"","ast-disable-related-posts":"","theme-transparent-header-meta":"default","adv-header-id-meta":"","stick-header-meta":"default","header-above-stick-meta":"","header-main-stick-meta":"","header-below-stick-meta":"","astra-migrate-meta-layouts":"set","ast-page-background-enabled":"default","ast-page-background-meta":{"desktop":{"background-color":"var(--ast-global-color-4)","background-image":"","background-repeat":"repeat","background-position":"center center","background-size":"auto","background-attachment":"scroll","background-type":"","background-media":"","overlay-type":"","overlay-color":"","overlay-opacity":"","overlay-gradient":""},"tablet":{"background-color":"","background-image":"","background-repeat":"repeat","background-position":"center center","background-size":"auto","background-attachment":"scroll","background-type":"","background-media":"","overlay-type":"","overlay-color":"","overlay-opacity":"","overlay-gradient":""},"mobile":{"background-color":"","background-image":"","background-repeat":"repeat","background-position":"center center","background-size":"auto","background-attachment":"scroll","background-type":"","background-media":"","overlay-type":"","overlay-color":"","overlay-opacity":"","overlay-gradient":""}},"ast-content-background-meta":{"desktop":{"background-color":"var(--ast-global-color-5)","background-image":"","background-repeat":"repeat","background-position":"center center","background-size":"auto","background-attachment":"scroll","background-type":"","background-media":"","overlay-type":"","overlay-color":"","overlay-opacity":"","overlay-gradient":""},"tablet":{"background-color":"var(--ast-global-color-5)","background-image":"","background-repeat":"repeat","background-position":"center center","background-size":"auto","background-attachment":"scroll","background-type":"","background-media":"","overlay-type":"","overlay-color":"","overlay-opacity":"","overlay-gradient":""},"mobile":{"background-color":"var(--ast-global-color-5)","background-image":"","background-repeat":"repeat","background-position":"center center","background-size":"auto","background-attachment":"scroll","background-type":"","background-media":"","overlay-type":"","overlay-color":"","overlay-opacity":"","overlay-gradient":""}}},"product_brand":[],"product_cat":[28],"product_tag":[],"class_list":{"0":"post-3665","1":"product","2":"type-product","3":"status-publish","4":"has-post-thumbnail","6":"product_cat-recubrimientos","7":"desktop-align-center","8":"tablet-align-left","9":"mobile-align-center","10":"ast-product-gallery-layout-horizontal-slider","11":"ast-magnify-disabled","12":"ast-product-tabs-layout-horizontal","14":"first","15":"instock","16":"shipping-taxable","17":"product-type-simple"},"_links":{"self":[{"href":"https:\/\/www.chemichase.com\/es\/wp-json\/wp\/v2\/product\/3665","targetHints":{"allow":["GET"]}}],"collection":[{"href":"https:\/\/www.chemichase.com\/es\/wp-json\/wp\/v2\/product"}],"about":[{"href":"https:\/\/www.chemichase.com\/es\/wp-json\/wp\/v2\/types\/product"}],"wp:featuredmedia":[{"embeddable":true,"href":"https:\/\/www.chemichase.com\/es\/wp-json\/wp\/v2\/media\/5602"}],"wp:attachment":[{"href":"https:\/\/www.chemichase.com\/es\/wp-json\/wp\/v2\/media?parent=3665"}],"wp:term":[{"taxonomy":"product_brand","embeddable":true,"href":"https:\/\/www.chemichase.com\/es\/wp-json\/wp\/v2\/product_brand?post=3665"},{"taxonomy":"product_cat","embeddable":true,"href":"https:\/\/www.chemichase.com\/es\/wp-json\/wp\/v2\/product_cat?post=3665"},{"taxonomy":"product_tag","embeddable":true,"href":"https:\/\/www.chemichase.com\/es\/wp-json\/wp\/v2\/product_tag?post=3665"}],"curies":[{"name":"wp","href":"https:\/\/api.w.org\/{rel}","templated":true}]}}