{"id":3649,"date":"2023-10-21T10:11:01","date_gmt":"2023-10-21T02:11:01","guid":{"rendered":"https:\/\/www.chemichase.com\/es\/?post_type=product&#038;p=3649"},"modified":"2023-12-08T09:32:58","modified_gmt":"2023-12-08T01:32:58","slug":"nbr-latex","status":"publish","type":"product","link":"https:\/\/www.chemichase.com\/es\/otros\/nbr-latex\/","title":{"rendered":"L\u00e1tex NBR"},"content":{"rendered":"<table style=\"height: 322px; width: 100%; border-collapse: collapse; border-color: #d4d4d4;\">\n<tbody>\n<tr style=\"height: 46px;\">\n<td style=\"width: 33.0712%; height: 46px; border-color: #d4d4d4; text-align: center;\"><\/td>\n<td style=\"width: 66.9288%; height: 46px; border-color: #d4d4d4; text-align: center;\">COA<\/td>\n<\/tr>\n<tr style=\"height: 46px;\">\n<td style=\"width: 33.0712%; height: 46px; text-align: center;\">\u00cdndice<\/td>\n<td style=\"width: 66.9288%; height: 46px; text-align: center;\">Resultados<\/td>\n<\/tr>\n<tr style=\"height: 46px;\">\n<td style=\"width: 33.0712%; height: 46px; text-align: center;\">Apariencia<\/td>\n<td style=\"width: 66.9288%; height: 46px; text-align: center;\">l\u00edquido viscoso blanco lechoso, sin impurezas mec\u00e1nicas visibles<\/td>\n<\/tr>\n<tr style=\"height: 46px;\">\n<td style=\"width: 33.0712%; height: 46px; text-align: center;\">Contenido s\u00f3lido (% en peso)<\/td>\n<td style=\"width: 66.9288%; height: 46px; text-align: center;\">43.99<\/td>\n<\/tr>\n<tr style=\"height: 46px;\">\n<td style=\"width: 33.0712%; height: 46px; text-align: center;\">Volumen PH<\/td>\n<td style=\"width: 66.9288%; height: 46px; text-align: center;\">8.7<\/td>\n<\/tr>\n<tr style=\"height: 46px;\">\n<td style=\"width: 33.0712%; height: 46px; text-align: center;\">Viscosidad (mPa \u00b7 s)<\/td>\n<td style=\"width: 66.9288%; height: 46px; text-align: center;\">30.4<\/td>\n<\/tr>\n<tr style=\"height: 46px;\">\n<td style=\"width: 33.0712%; height: 46px; text-align: center;\">Estabilidad mec\u00e1nica (wt%)<\/td>\n<td style=\"width: 66.9288%; height: 46px; text-align: center;\">0.04<\/td>\n<\/tr>\n<\/tbody>\n<\/table>\n<p>Utilizado como material impregnado en adhesivo, papel, tela y cuero. As\u00ed como en la producci\u00f3n de hilos de caucho y productos de modelo de l\u00e1tex.<\/p>\n<div style=\"width: 1280px;\" class=\"wp-video\"><video class=\"wp-video-shortcode\" id=\"video-3649-1\" width=\"1280\" height=\"720\" preload=\"metadata\" controls=\"controls\"><source type=\"video\/mp4\" src=\"https:\/\/www.chemichase.com\/es\/wp-content\/uploads\/2023\/10\/1605167261860191.mp4?_=1\" \/><a href=\"https:\/\/www.chemichase.com\/es\/wp-content\/uploads\/2023\/10\/1605167261860191.mp4\">https:\/\/www.chemichase.com\/es\/wp-content\/uploads\/2023\/10\/1605167261860191.mp4<\/a><\/video><\/div>\n","protected":false},"excerpt":{"rendered":"<p>COA \u00cdndice Resultados Apariencia l\u00edquido viscoso blanco lechoso, sin impurezas mec\u00e1nicas visibles Contenido s\u00f3lido (% en peso) 43.99 Volumen PH 8.7 Viscosidad (mPa \u00b7 s) 30.4 Estabilidad mec\u00e1nica (wt%) 0.04 Utilizado como material impregnado en adhesivo, papel, tela y cuero. As\u00ed como en la producci\u00f3n de hilos de caucho y productos de modelo de l\u00e1tex.<\/p>\n","protected":false},"featured_media":3651,"template":"","meta":{"site-sidebar-layout":"default","site-content-layout":"","ast-site-content-layout":"default","site-content-style":"default","site-sidebar-style":"default","ast-global-header-display":"","ast-banner-title-visibility":"","ast-main-header-display":"","ast-hfb-above-header-display":"","ast-hfb-below-header-display":"","ast-hfb-mobile-header-display":"","site-post-title":"","ast-breadcrumbs-content":"","ast-featured-img":"","footer-sml-layout":"","ast-disable-related-posts":"","theme-transparent-header-meta":"default","adv-header-id-meta":"","stick-header-meta":"default","header-above-stick-meta":"","header-main-stick-meta":"","header-below-stick-meta":"","astra-migrate-meta-layouts":"set","ast-page-background-enabled":"default","ast-page-background-meta":{"desktop":{"background-color":"var(--ast-global-color-4)","background-image":"","background-repeat":"repeat","background-position":"center center","background-size":"auto","background-attachment":"scroll","background-type":"","background-media":"","overlay-type":"","overlay-color":"","overlay-opacity":"","overlay-gradient":""},"tablet":{"background-color":"","background-image":"","background-repeat":"repeat","background-position":"center center","background-size":"auto","background-attachment":"scroll","background-type":"","background-media":"","overlay-type":"","overlay-color":"","overlay-opacity":"","overlay-gradient":""},"mobile":{"background-color":"","background-image":"","background-repeat":"repeat","background-position":"center center","background-size":"auto","background-attachment":"scroll","background-type":"","background-media":"","overlay-type":"","overlay-color":"","overlay-opacity":"","overlay-gradient":""}},"ast-content-background-meta":{"desktop":{"background-color":"var(--ast-global-color-5)","background-image":"","background-repeat":"repeat","background-position":"center center","background-size":"auto","background-attachment":"scroll","background-type":"","background-media":"","overlay-type":"","overlay-color":"","overlay-opacity":"","overlay-gradient":""},"tablet":{"background-color":"var(--ast-global-color-5)","background-image":"","background-repeat":"repeat","background-position":"center center","background-size":"auto","background-attachment":"scroll","background-type":"","background-media":"","overlay-type":"","overlay-color":"","overlay-opacity":"","overlay-gradient":""},"mobile":{"background-color":"var(--ast-global-color-5)","background-image":"","background-repeat":"repeat","background-position":"center center","background-size":"auto","background-attachment":"scroll","background-type":"","background-media":"","overlay-type":"","overlay-color":"","overlay-opacity":"","overlay-gradient":""}}},"product_brand":[],"product_cat":[36],"product_tag":[],"class_list":{"0":"post-3649","1":"product","2":"type-product","3":"status-publish","4":"has-post-thumbnail","6":"product_cat-otros","7":"desktop-align-center","8":"tablet-align-left","9":"mobile-align-center","10":"ast-product-gallery-layout-horizontal-slider","11":"ast-magnify-disabled","12":"ast-product-tabs-layout-horizontal","14":"first","15":"instock","16":"shipping-taxable","17":"product-type-simple"},"_links":{"self":[{"href":"https:\/\/www.chemichase.com\/es\/wp-json\/wp\/v2\/product\/3649","targetHints":{"allow":["GET"]}}],"collection":[{"href":"https:\/\/www.chemichase.com\/es\/wp-json\/wp\/v2\/product"}],"about":[{"href":"https:\/\/www.chemichase.com\/es\/wp-json\/wp\/v2\/types\/product"}],"wp:featuredmedia":[{"embeddable":true,"href":"https:\/\/www.chemichase.com\/es\/wp-json\/wp\/v2\/media\/3651"}],"wp:attachment":[{"href":"https:\/\/www.chemichase.com\/es\/wp-json\/wp\/v2\/media?parent=3649"}],"wp:term":[{"taxonomy":"product_brand","embeddable":true,"href":"https:\/\/www.chemichase.com\/es\/wp-json\/wp\/v2\/product_brand?post=3649"},{"taxonomy":"product_cat","embeddable":true,"href":"https:\/\/www.chemichase.com\/es\/wp-json\/wp\/v2\/product_cat?post=3649"},{"taxonomy":"product_tag","embeddable":true,"href":"https:\/\/www.chemichase.com\/es\/wp-json\/wp\/v2\/product_tag?post=3649"}],"curies":[{"name":"wp","href":"https:\/\/api.w.org\/{rel}","templated":true}]}}