{"id":3614,"date":"2023-10-20T23:11:03","date_gmt":"2023-10-20T15:11:03","guid":{"rendered":"https:\/\/www.chemichase.com\/es\/?post_type=product&#038;p=3614"},"modified":"2023-12-08T11:31:05","modified_gmt":"2023-12-08T03:31:05","slug":"caustic-soda-pearls","status":"publish","type":"product","link":"https:\/\/www.chemichase.com\/es\/tratamiento-de-aguas\/caustic-soda-pearls\/","title":{"rendered":"Perlas\/Escamas de Soda C\u00e1ustica"},"content":{"rendered":"<div class=\"desc\">\n<p>La sosa c\u00e1ustica (tambi\u00e9n conocida como hidr\u00f3xido de sodio, NaOH, hidrato de sodio o Sodagrain) son esferas blancas de sosa c\u00e1ustica con un olor apenas perceptible. Son solubles en agua, con liberaci\u00f3n de calor, y son estables en condiciones normales.<\/p>\n<p>&nbsp;<\/p>\n<p>Descripci\u00f3n del producto:<\/p>\n<p>La sosa c\u00e1ustica es una base fuerte y, como tal, tiene muchas aplicaciones en industrias de todo el mundo, tanto ahora como en el pasado. Es uno de los productos qu\u00edmicos fabricados por el hombre m\u00e1s antiguos; las excavaciones en Egipto demostran que las muestras pueden datarse del a\u00f1o 3000 a.C.<\/p>\n<p>&nbsp;<\/p>\n<p>Almacenamiento y Distribuci\u00f3n:<\/p>\n<p>Las perlas de sosa c\u00e1ustica se almacenan y transportan en bolsas tejidas de 25 kg con revestimiento de PE. Para fines de transporte est\u00e1n clasificados en el clase II de embalaje, clase VIII de peligro y son corrosivos y pueden provocar quemaduras. Tienen una gravedad espec\u00edfica de 2,13.<\/p>\n<p>&nbsp;<\/p>\n<p>Usos:<\/p>\n<p>Las perlas de soda c\u00e1ustica son una sustancia qu\u00edmica inorg\u00e1nica importante ya que se utilizan en numerosas industrias en todo el mundo. La mayor demanda de sosa c\u00e1ustica proviene de la industria papelera, donde se utiliza en procesos de pulpa y blanqueo. Tambi\u00e9n tienen demanda en la industria del aluminio, ya que la soda c\u00e1ustica disuelve el mineral de bauxita, que es la materia prima en la producci\u00f3n de aluminio. Otro uso importante de la soda c\u00e1ustica es el procesamiento qu\u00edmico, ya que la soda c\u00e1ustica es una materia prima b\u00e1sica para una variedad de productos posteriores. incluyendo disolventes, pl\u00e1sticos, tejidos, adhesivos, etc.<\/p>\n<p>&nbsp;<\/p>\n<p>Embalaje:<\/p>\n<p>Escamas: Bolsa de 25kg, 26TM\/20FCL sin palet; 22TM\/20FCL con palet.<\/p>\n<p>Perlas: Bolsa de 25kg, 27TM\/20FCL sin palet; 24TM\/20FCL con palet.<\/p>\n<\/div>\n","protected":false},"excerpt":{"rendered":"<p>CAS NO.: 1310-73-2<\/p>\n<p>F\u00f3rmula molecular: NaOH<\/p>\n","protected":false},"featured_media":3615,"template":"","meta":{"site-sidebar-layout":"default","site-content-layout":"","ast-site-content-layout":"default","site-content-style":"default","site-sidebar-style":"default","ast-global-header-display":"","ast-banner-title-visibility":"","ast-main-header-display":"","ast-hfb-above-header-display":"","ast-hfb-below-header-display":"","ast-hfb-mobile-header-display":"","site-post-title":"","ast-breadcrumbs-content":"","ast-featured-img":"","footer-sml-layout":"","ast-disable-related-posts":"","theme-transparent-header-meta":"default","adv-header-id-meta":"","stick-header-meta":"default","header-above-stick-meta":"","header-main-stick-meta":"","header-below-stick-meta":"","astra-migrate-meta-layouts":"set","ast-page-background-enabled":"default","ast-page-background-meta":{"desktop":{"background-color":"var(--ast-global-color-4)","background-image":"","background-repeat":"repeat","background-position":"center center","background-size":"auto","background-attachment":"scroll","background-type":"","background-media":"","overlay-type":"","overlay-color":"","overlay-opacity":"","overlay-gradient":""},"tablet":{"background-color":"","background-image":"","background-repeat":"repeat","background-position":"center center","background-size":"auto","background-attachment":"scroll","background-type":"","background-media":"","overlay-type":"","overlay-color":"","overlay-opacity":"","overlay-gradient":""},"mobile":{"background-color":"","background-image":"","background-repeat":"repeat","background-position":"center center","background-size":"auto","background-attachment":"scroll","background-type":"","background-media":"","overlay-type":"","overlay-color":"","overlay-opacity":"","overlay-gradient":""}},"ast-content-background-meta":{"desktop":{"background-color":"var(--ast-global-color-5)","background-image":"","background-repeat":"repeat","background-position":"center center","background-size":"auto","background-attachment":"scroll","background-type":"","background-media":"","overlay-type":"","overlay-color":"","overlay-opacity":"","overlay-gradient":""},"tablet":{"background-color":"var(--ast-global-color-5)","background-image":"","background-repeat":"repeat","background-position":"center center","background-size":"auto","background-attachment":"scroll","background-type":"","background-media":"","overlay-type":"","overlay-color":"","overlay-opacity":"","overlay-gradient":""},"mobile":{"background-color":"var(--ast-global-color-5)","background-image":"","background-repeat":"repeat","background-position":"center center","background-size":"auto","background-attachment":"scroll","background-type":"","background-media":"","overlay-type":"","overlay-color":"","overlay-opacity":"","overlay-gradient":""}}},"product_brand":[],"product_cat":[33],"product_tag":[],"class_list":{"0":"post-3614","1":"product","2":"type-product","3":"status-publish","4":"has-post-thumbnail","6":"product_cat-tratamiento-de-aguas","7":"desktop-align-center","8":"tablet-align-left","9":"mobile-align-center","10":"ast-product-gallery-layout-horizontal-slider","11":"ast-magnify-disabled","12":"ast-product-tabs-layout-horizontal","14":"first","15":"instock","16":"shipping-taxable","17":"product-type-simple"},"_links":{"self":[{"href":"https:\/\/www.chemichase.com\/es\/wp-json\/wp\/v2\/product\/3614","targetHints":{"allow":["GET"]}}],"collection":[{"href":"https:\/\/www.chemichase.com\/es\/wp-json\/wp\/v2\/product"}],"about":[{"href":"https:\/\/www.chemichase.com\/es\/wp-json\/wp\/v2\/types\/product"}],"wp:featuredmedia":[{"embeddable":true,"href":"https:\/\/www.chemichase.com\/es\/wp-json\/wp\/v2\/media\/3615"}],"wp:attachment":[{"href":"https:\/\/www.chemichase.com\/es\/wp-json\/wp\/v2\/media?parent=3614"}],"wp:term":[{"taxonomy":"product_brand","embeddable":true,"href":"https:\/\/www.chemichase.com\/es\/wp-json\/wp\/v2\/product_brand?post=3614"},{"taxonomy":"product_cat","embeddable":true,"href":"https:\/\/www.chemichase.com\/es\/wp-json\/wp\/v2\/product_cat?post=3614"},{"taxonomy":"product_tag","embeddable":true,"href":"https:\/\/www.chemichase.com\/es\/wp-json\/wp\/v2\/product_tag?post=3614"}],"curies":[{"name":"wp","href":"https:\/\/api.w.org\/{rel}","templated":true}]}}