{"id":3611,"date":"2023-10-20T22:58:39","date_gmt":"2023-10-20T14:58:39","guid":{"rendered":"https:\/\/www.chemichase.com\/es\/?post_type=product&#038;p=3611"},"modified":"2023-12-08T11:16:08","modified_gmt":"2023-12-08T03:16:08","slug":"adipic-acid","status":"publish","type":"product","link":"https:\/\/www.chemichase.com\/es\/poliuretano\/adipic-acid\/","title":{"rendered":"\u00c1cido Ad\u00edpico"},"content":{"rendered":"<p>Aspecto: Polvo cristalino blanco<\/p>\n<p>Densidad: 1,36 g\/cm3<\/p>\n<p>Punto de fusi\u00f3n: 151-154 \u00b0C(lit.)<\/p>\n<p>Punto de ebullici\u00f3n: 265\u00b0C100mmHg(lit.)<\/p>\n<p>Punto de inflamaci\u00f3n: 385\u00b0F<\/p>\n<p>\u00cdndice de refracci\u00f3n: 1.439<\/p>\n<p>Soluble: 1,44 g\/100 mL (15 \u00baC)<\/p>\n<p>Solubilidad: soluble en agua, g\/100 ml a 15\u00b0C: 1,4 (moderada)<\/p>\n<p>Condiciones de almacenamiento: Embalaje intacto, manejo con cuidado, almac\u00e9n con buena ventilaci\u00f3n, mantener alejado de llamas abiertas y altas temperaturas, almacenamiento separado con agente oxidante.<\/p>\n<p>Presi\u00f3n de vapor: 1,81E-05 mmHg a 25 \u00b0C<\/p>\n<p>Densidad de vapor: 5 (frente al aire)<\/p>\n<p>&nbsp;<\/p>\n<p>Uso:<\/p>\n<p>El \u00e1cido ad\u00edpico se utiliza principalmente en la s\u00edntesis de nailon y se ha utilizado como reactivo en la polimerizaci\u00f3n en estado s\u00f3lido de an\u00e1logos de nailon.<\/p>\n<p>&nbsp;<\/p>\n<p>Embalaje:<\/p>\n<p>Bolsas tejidas de pl\u00e1stico de 500KG\u00a0o 1000KG, 20MT\/20FCL;<\/p>\n<p>25KG\/bolsa, 20TM\/20FCL sin palet, 18TM\/20FCL con palet.<\/p>\n<div style=\"width: 1280px;\" class=\"wp-video\"><video class=\"wp-video-shortcode\" id=\"video-3611-1\" width=\"1280\" height=\"720\" preload=\"metadata\" controls=\"controls\"><source type=\"video\/mp4\" src=\"https:\/\/www.chemichase.com\/es\/wp-content\/uploads\/2023\/10\/1651385063822176.mp4?_=1\" \/><a href=\"https:\/\/www.chemichase.com\/es\/wp-content\/uploads\/2023\/10\/1651385063822176.mp4\">https:\/\/www.chemichase.com\/es\/wp-content\/uploads\/2023\/10\/1651385063822176.mp4<\/a><\/video><\/div>\n","protected":false},"excerpt":{"rendered":"<p>CAS NO.: 124-04-9<\/p>\n<p>F\u00f3rmula molecular: C6H10O4<\/p>\n","protected":false},"featured_media":3612,"template":"","meta":{"site-sidebar-layout":"default","site-content-layout":"","ast-site-content-layout":"default","site-content-style":"default","site-sidebar-style":"default","ast-global-header-display":"","ast-banner-title-visibility":"","ast-main-header-display":"","ast-hfb-above-header-display":"","ast-hfb-below-header-display":"","ast-hfb-mobile-header-display":"","site-post-title":"","ast-breadcrumbs-content":"","ast-featured-img":"","footer-sml-layout":"","ast-disable-related-posts":"","theme-transparent-header-meta":"default","adv-header-id-meta":"","stick-header-meta":"default","header-above-stick-meta":"","header-main-stick-meta":"","header-below-stick-meta":"","astra-migrate-meta-layouts":"set","ast-page-background-enabled":"default","ast-page-background-meta":{"desktop":{"background-color":"var(--ast-global-color-4)","background-image":"","background-repeat":"repeat","background-position":"center center","background-size":"auto","background-attachment":"scroll","background-type":"","background-media":"","overlay-type":"","overlay-color":"","overlay-opacity":"","overlay-gradient":""},"tablet":{"background-color":"","background-image":"","background-repeat":"repeat","background-position":"center center","background-size":"auto","background-attachment":"scroll","background-type":"","background-media":"","overlay-type":"","overlay-color":"","overlay-opacity":"","overlay-gradient":""},"mobile":{"background-color":"","background-image":"","background-repeat":"repeat","background-position":"center center","background-size":"auto","background-attachment":"scroll","background-type":"","background-media":"","overlay-type":"","overlay-color":"","overlay-opacity":"","overlay-gradient":""}},"ast-content-background-meta":{"desktop":{"background-color":"var(--ast-global-color-5)","background-image":"","background-repeat":"repeat","background-position":"center center","background-size":"auto","background-attachment":"scroll","background-type":"","background-media":"","overlay-type":"","overlay-color":"","overlay-opacity":"","overlay-gradient":""},"tablet":{"background-color":"var(--ast-global-color-5)","background-image":"","background-repeat":"repeat","background-position":"center center","background-size":"auto","background-attachment":"scroll","background-type":"","background-media":"","overlay-type":"","overlay-color":"","overlay-opacity":"","overlay-gradient":""},"mobile":{"background-color":"var(--ast-global-color-5)","background-image":"","background-repeat":"repeat","background-position":"center center","background-size":"auto","background-attachment":"scroll","background-type":"","background-media":"","overlay-type":"","overlay-color":"","overlay-opacity":"","overlay-gradient":""}}},"product_brand":[],"product_cat":[32],"product_tag":[],"class_list":{"0":"post-3611","1":"product","2":"type-product","3":"status-publish","4":"has-post-thumbnail","6":"product_cat-poliuretano","7":"desktop-align-center","8":"tablet-align-left","9":"mobile-align-center","10":"ast-product-gallery-layout-horizontal-slider","11":"ast-magnify-disabled","12":"ast-product-tabs-layout-horizontal","14":"first","15":"instock","16":"shipping-taxable","17":"product-type-simple"},"_links":{"self":[{"href":"https:\/\/www.chemichase.com\/es\/wp-json\/wp\/v2\/product\/3611","targetHints":{"allow":["GET"]}}],"collection":[{"href":"https:\/\/www.chemichase.com\/es\/wp-json\/wp\/v2\/product"}],"about":[{"href":"https:\/\/www.chemichase.com\/es\/wp-json\/wp\/v2\/types\/product"}],"wp:featuredmedia":[{"embeddable":true,"href":"https:\/\/www.chemichase.com\/es\/wp-json\/wp\/v2\/media\/3612"}],"wp:attachment":[{"href":"https:\/\/www.chemichase.com\/es\/wp-json\/wp\/v2\/media?parent=3611"}],"wp:term":[{"taxonomy":"product_brand","embeddable":true,"href":"https:\/\/www.chemichase.com\/es\/wp-json\/wp\/v2\/product_brand?post=3611"},{"taxonomy":"product_cat","embeddable":true,"href":"https:\/\/www.chemichase.com\/es\/wp-json\/wp\/v2\/product_cat?post=3611"},{"taxonomy":"product_tag","embeddable":true,"href":"https:\/\/www.chemichase.com\/es\/wp-json\/wp\/v2\/product_tag?post=3611"}],"curies":[{"name":"wp","href":"https:\/\/api.w.org\/{rel}","templated":true}]}}